{"id":3295,"date":"2024-04-18T10:20:38","date_gmt":"2024-04-18T14:20:38","guid":{"rendered":"https:\/\/www.corleoneleonberg.com\/?page_id=3295"},"modified":"2025-03-01T15:27:19","modified_gmt":"2025-03-01T20:27:19","slug":"neville","status":"publish","type":"page","link":"https:\/\/www.corleoneleonberg.com\/en\/neville\/","title":{"rendered":"Neville"},"content":{"rendered":"<div data-elementor-type=\"wp-page\" data-elementor-id=\"3295\" class=\"elementor elementor-3295\" data-elementor-post-type=\"page\">\n\t\t\t\t<div class=\"elementor-element elementor-element-7ff3002e e-flex e-con-boxed e-con e-parent\" data-id=\"7ff3002e\" data-element_type=\"container\" data-e-type=\"container\">\n\t\t\t\t\t<div class=\"e-con-inner\">\n\t\t\t\t<div class=\"elementor-element elementor-element-690f181b elementor-widget elementor-widget-heading\" data-id=\"690f181b\" data-element_type=\"widget\" data-e-type=\"widget\" data-widget_type=\"heading.default\">\n\t\t\t\t\t<h2 class=\"elementor-heading-title elementor-size-default\"> UK CH. Corleone Navigator At Kalizmar<\/h2>\t\t\t\t<\/div>\n\t\t\t\t<div class=\"elementor-element elementor-element-750fa936 elementor-align-center elementor-widget elementor-widget-button\" data-id=\"750fa936\" data-element_type=\"widget\" data-e-type=\"widget\" data-widget_type=\"button.default\">\n\t\t\t\t\t\t\t\t\t\t<a class=\"elementor-button elementor-button-link elementor-size-sm\" href=\"http:\/\/www.leonberger-database.com\/lite\/pp_pedigree_e.php?id=CORLEONE%20NAVIGATOR%20AT%20KALIZMAR&#038;db=pedigree&#038;gens=5\" target=\"_blank\">\n\t\t\t\t\t\t<span class=\"elementor-button-content-wrapper\">\n\t\t\t\t\t\t\t\t\t<span class=\"elementor-button-text\">pedigree<\/span>\n\t\t\t\t\t<\/span>\n\t\t\t\t\t<\/a>\n\t\t\t\t\t\t\t\t<\/div>\n\t\t\t\t<div class=\"elementor-element elementor-element-1025a8c elementor-widget elementor-widget-text-editor\" data-id=\"1025a8c\" data-element_type=\"widget\" data-e-type=\"widget\" data-widget_type=\"text-editor.default\">\n\t\t\t\t\t\t\t\t\t<h2 data-sourcepos=\"1:1-1:97\">Neville, the Norfolk Leonberger, excels at Crufts 2024 Working Group<\/h2><p data-sourcepos=\"3:1-3:364\">Neville, a magnificent Leonberger from Great Yarmouth, Norfolk, had a remarkable run at the Crufts 2024 Working Group, held on Saturday, March 9th. Accompanied by his handlers, Kerry Rushby and Lee Studholme, Neville impressed the judges with his elegant gait, impressive presence, and adherence to breed standards.<\/p><p data-sourcepos=\"5:1-5:346\">Sa performance exceptionnelle lui a valu le titre de champion du groupe de travail, le qualifiant ainsi pour la finale prestigieuse du \u00ab\u00a0Best in Show\u00a0\u00bb qui s&rsquo;est tenue le dimanche soir. Bien que Neville n&rsquo;ait pas remport\u00e9 le prix ultime, sa participation \u00e0 la finale a \u00e9t\u00e9 une r\u00e9alisation remarquable, t\u00e9moignant de son talent et de son potentiel.<\/p><p data-sourcepos=\"7:1-7:219\">Lee Studholme, visiblement fier de son compagnon \u00e0 quatre pattes, a d\u00e9clar\u00e9: \u00ab\u00a0<em>C&rsquo;est un r\u00eave devenu r\u00e9alit\u00e9! Neville a d\u00e9j\u00e0 accompli une carri\u00e8re incroyable, et je suis tellement heureux de partager ce moment avec lui<\/em>.\u00a0\u00bb<\/p><p data-sourcepos=\"9:1-9:158\">Neville's success at Crufts 2024 also brought the Norfolk region into the spotlight, highlighting the exceptional quality of dogs bred in this area.<\/p><p data-sourcepos=\"11:1-11:85\">Here is one of the links to learn more about Neville's performance at Crufts 2024:<\/p><ul data-sourcepos=\"13:1-16:0\"><li data-sourcepos=\"15:1-16:0\"><strong>Leonberger from Norfolk wins place in Crufts Best in Show final The Kennel Club:<\/strong> <a href=\"https:\/\/www.thekennelclub.org.uk\/media-centre\/2024\/march\/leonberger-from-norfolk-wins-place-in-crufts-best-in-show-final\/\" target=\"_blank\" rel=\"noopener\">The Kennel Club:<\/a>\u00a0<\/li><\/ul><p data-sourcepos=\"17:1-17:92\">Congratulations to Neville, Lee Studholme, Kerry Rushby, and Neville's breeder Lucie Perron for their outstanding performance at Crufts 2024!<\/p>\t\t\t\t\t\t\t\t<\/div>\n\t\t\t\t\t<\/div>\n\t\t\t\t<\/div>\n\t\t<div class=\"elementor-element elementor-element-43cad28d e-flex e-con-boxed e-con e-parent\" data-id=\"43cad28d\" data-element_type=\"container\" data-e-type=\"container\">\n\t\t\t\t\t<div class=\"e-con-inner\">\n\t\t\t\t<div class=\"elementor-element elementor-element-7a4a2ec elementor-widget elementor-widget-text-editor\" data-id=\"7a4a2ec\" data-element_type=\"widget\" data-e-type=\"widget\" data-widget_type=\"text-editor.default\">\n\t\t\t\t\t\t\t\t\t<p><strong>Neville's performance at Best In Show<\/strong><\/p>\t\t\t\t\t\t\t\t<\/div>\n\t\t\t\t\t<\/div>\n\t\t\t\t<\/div>\n\t\t<div class=\"elementor-element elementor-element-c581b50 e-flex e-con-boxed e-con e-parent\" data-id=\"c581b50\" data-element_type=\"container\" data-e-type=\"container\">\n\t\t\t\t\t<div class=\"e-con-inner\">\n\t\t<div class=\"elementor-element elementor-element-c8660aa e-con-full e-flex e-con e-child\" data-id=\"c8660aa\" data-element_type=\"container\" data-e-type=\"container\">\n\t\t\t\t<div class=\"elementor-element elementor-element-0207191 elementor-widget elementor-widget-video\" data-id=\"0207191\" data-element_type=\"widget\" data-e-type=\"widget\" data-settings=\"{&quot;youtube_url&quot;:&quot;https:\\\/\\\/www.youtube.com\\\/watch?v=ojNDxWlx3IA&amp;t=40s&amp;ab_channel=Crufts&quot;,&quot;video_type&quot;:&quot;youtube&quot;,&quot;controls&quot;:&quot;yes&quot;}\" data-widget_type=\"video.default\">\n\t\t\t\t\t\t\t<div class=\"elementor-wrapper elementor-open-inline\">\n\t\t\t<div class=\"elementor-video\"><\/div>\t\t<\/div>\n\t\t\t\t\t\t<\/div>\n\t\t\t\t<\/div>\n\t\t<div class=\"elementor-element elementor-element-ba3fe96 e-con-full e-flex e-con e-child\" data-id=\"ba3fe96\" data-element_type=\"container\" data-e-type=\"container\">\n\t\t\t\t<div class=\"elementor-element elementor-element-8b69344 elementor-widget elementor-widget-video\" data-id=\"8b69344\" data-element_type=\"widget\" data-e-type=\"widget\" data-settings=\"{&quot;youtube_url&quot;:&quot;https:\\\/\\\/www.youtube.com\\\/watch?v=z2zMqAZiItc&amp;ab_channel=CorleoneLeonberger&quot;,&quot;video_type&quot;:&quot;youtube&quot;,&quot;controls&quot;:&quot;yes&quot;}\" data-widget_type=\"video.default\">\n\t\t\t\t\t\t\t<div class=\"elementor-wrapper elementor-open-inline\">\n\t\t\t<div class=\"elementor-video\"><\/div>\t\t<\/div>\n\t\t\t\t\t\t<\/div>\n\t\t\t\t<\/div>\n\t\t\t\t\t<\/div>\n\t\t\t\t<\/div>\n\t\t\t\t<\/div>","protected":false},"excerpt":{"rendered":"<p>UK CH. Corleone Navigator At Kalizmar pedigree Neville, le Leonberger de Norfolk, excelle au premier groupe de chien de travail \u00e0 Crufts 2024 Neville, un magnifique Leonberger originaire du Canada ( Cortleone Leonberger) , a connu un parcours remarquable lors du premier groupe de chien de travail \u00e0 Crufts 2024, qui s&rsquo;est d\u00e9roul\u00e9 le samedi [&hellip;]<\/p>\n","protected":false},"author":1,"featured_media":0,"parent":0,"menu_order":0,"comment_status":"closed","ping_status":"closed","template":"","meta":{"site-sidebar-layout":"no-sidebar","site-content-layout":"page-builder","ast-site-content-layout":"full-width-container","site-content-style":"default","site-sidebar-style":"default","ast-global-header-display":"","ast-banner-title-visibility":"","ast-main-header-display":"","ast-hfb-above-header-display":"","ast-hfb-below-header-display":"","ast-hfb-mobile-header-display":"","site-post-title":"disabled","ast-breadcrumbs-content":"","ast-featured-img":"disabled","footer-sml-layout":"","ast-disable-related-posts":"","theme-transparent-header-meta":"","adv-header-id-meta":"","stick-header-meta":"","header-above-stick-meta":"","header-main-stick-meta":"","header-below-stick-meta":"","astra-migrate-meta-layouts":"set","ast-page-background-enabled":"default","ast-page-background-meta":{"desktop":{"background-color":"","background-image":"","background-repeat":"repeat","background-position":"center center","background-size":"auto","background-attachment":"scroll","background-type":"","background-media":"","overlay-type":"","overlay-color":"","overlay-opacity":"","overlay-gradient":""},"tablet":{"background-color":"","background-image":"","background-repeat":"repeat","background-position":"center center","background-size":"auto","background-attachment":"scroll","background-type":"","background-media":"","overlay-type":"","overlay-color":"","overlay-opacity":"","overlay-gradient":""},"mobile":{"background-color":"","background-image":"","background-repeat":"repeat","background-position":"center center","background-size":"auto","background-attachment":"scroll","background-type":"","background-media":"","overlay-type":"","overlay-color":"","overlay-opacity":"","overlay-gradient":""}},"ast-content-background-meta":{"desktop":{"background-color":"var(--ast-global-color-5)","background-image":"","background-repeat":"repeat","background-position":"center center","background-size":"auto","background-attachment":"scroll","background-type":"","background-media":"","overlay-type":"","overlay-color":"","overlay-opacity":"","overlay-gradient":""},"tablet":{"background-color":"var(--ast-global-color-5)","background-image":"","background-repeat":"repeat","background-position":"center center","background-size":"auto","background-attachment":"scroll","background-type":"","background-media":"","overlay-type":"","overlay-color":"","overlay-opacity":"","overlay-gradient":""},"mobile":{"background-color":"var(--ast-global-color-5)","background-image":"","background-repeat":"repeat","background-position":"center center","background-size":"auto","background-attachment":"scroll","background-type":"","background-media":"","overlay-type":"","overlay-color":"","overlay-opacity":"","overlay-gradient":""}},"footnotes":""},"class_list":["post-3295","page","type-page","status-publish","hentry"],"yoast_head":"<!-- This site is optimized with the Yoast SEO plugin v27.6 - https:\/\/yoast.com\/product\/yoast-seo-wordpress\/ -->\n<title>Neville - Corleone leonberger<\/title>\n<meta name=\"description\" content=\"D\u00e9couvrez Corleone Leonberger, un \u00e9levage familial et responsable de Leonbergers certifi\u00e9s au Qu\u00e9bec. Nos chiots sont \u00e9lev\u00e9s avec amour et attention dans un environnement sain et stimulant. Visitez notre site pour en savoir plus sur nos chiens et nos port\u00e9es \u00e0 venir.\" \/>\n<meta name=\"robots\" content=\"index, follow, max-snippet:-1, max-image-preview:large, max-video-preview:-1\" \/>\n<link rel=\"canonical\" href=\"https:\/\/www.corleoneleonberg.com\/en\/neville\/\" \/>\n<meta property=\"og:locale\" content=\"en_US\" \/>\n<meta property=\"og:type\" content=\"article\" \/>\n<meta property=\"og:title\" content=\"Neville - Corleone leonberger\" \/>\n<meta property=\"og:description\" content=\"D\u00e9couvrez Corleone Leonberger, un \u00e9levage familial et responsable de Leonbergers certifi\u00e9s au Qu\u00e9bec. Nos chiots sont \u00e9lev\u00e9s avec amour et attention dans un environnement sain et stimulant. Visitez notre site pour en savoir plus sur nos chiens et nos port\u00e9es \u00e0 venir.\" \/>\n<meta property=\"og:url\" content=\"https:\/\/www.corleoneleonberg.com\/en\/neville\/\" \/>\n<meta property=\"og:site_name\" content=\"Corleone leonberger\" \/>\n<meta property=\"article:publisher\" content=\"https:\/\/www.facebook.com\/groups\/365394546862990\" \/>\n<meta property=\"article:modified_time\" content=\"2025-03-01T20:27:19+00:00\" \/>\n<meta property=\"og:image\" content=\"https:\/\/www.corleoneleonberg.com\/wp-content\/uploads\/2024\/04\/yoast.jpg\" \/>\n\t<meta property=\"og:image:width\" content=\"1200\" \/>\n\t<meta property=\"og:image:height\" content=\"675\" \/>\n\t<meta property=\"og:image:type\" content=\"image\/jpeg\" \/>\n<meta name=\"twitter:card\" content=\"summary_large_image\" \/>\n<script type=\"application\/ld+json\" class=\"yoast-schema-graph\">{\"@context\":\"https:\\\/\\\/schema.org\",\"@graph\":[{\"@type\":\"WebPage\",\"@id\":\"https:\\\/\\\/www.corleoneleonberg.com\\\/neville\\\/\",\"url\":\"https:\\\/\\\/www.corleoneleonberg.com\\\/neville\\\/\",\"name\":\"Neville - Corleone leonberger\",\"isPartOf\":{\"@id\":\"https:\\\/\\\/www.corleoneleonberg.com\\\/#website\"},\"datePublished\":\"2024-04-18T14:20:38+00:00\",\"dateModified\":\"2025-03-01T20:27:19+00:00\",\"description\":\"D\u00e9couvrez Corleone Leonberger, un \u00e9levage familial et responsable de Leonbergers certifi\u00e9s au Qu\u00e9bec. Nos chiots sont \u00e9lev\u00e9s avec amour et attention dans un environnement sain et stimulant. Visitez notre site pour en savoir plus sur nos chiens et nos port\u00e9es \u00e0 venir.\",\"breadcrumb\":{\"@id\":\"https:\\\/\\\/www.corleoneleonberg.com\\\/neville\\\/#breadcrumb\"},\"inLanguage\":\"en-US\",\"potentialAction\":[{\"@type\":\"ReadAction\",\"target\":[\"https:\\\/\\\/www.corleoneleonberg.com\\\/neville\\\/\"]}]},{\"@type\":\"BreadcrumbList\",\"@id\":\"https:\\\/\\\/www.corleoneleonberg.com\\\/neville\\\/#breadcrumb\",\"itemListElement\":[{\"@type\":\"ListItem\",\"position\":1,\"name\":\"Accueil\",\"item\":\"https:\\\/\\\/www.corleoneleonberg.com\\\/\"},{\"@type\":\"ListItem\",\"position\":2,\"name\":\"Neville\"}]},{\"@type\":\"WebSite\",\"@id\":\"https:\\\/\\\/www.corleoneleonberg.com\\\/#website\",\"url\":\"https:\\\/\\\/www.corleoneleonberg.com\\\/\",\"name\":\"Corleone leonberg\",\"description\":\"eleveur de leonberger.  leonberger breeder\",\"publisher\":{\"@id\":\"https:\\\/\\\/www.corleoneleonberg.com\\\/#organization\"},\"alternateName\":\"corleone leonberger\",\"potentialAction\":[{\"@type\":\"SearchAction\",\"target\":{\"@type\":\"EntryPoint\",\"urlTemplate\":\"https:\\\/\\\/www.corleoneleonberg.com\\\/?s={search_term_string}\"},\"query-input\":{\"@type\":\"PropertyValueSpecification\",\"valueRequired\":true,\"valueName\":\"search_term_string\"}}],\"inLanguage\":\"en-US\"},{\"@type\":\"Organization\",\"@id\":\"https:\\\/\\\/www.corleoneleonberg.com\\\/#organization\",\"name\":\"corleone leonberger\",\"url\":\"https:\\\/\\\/www.corleoneleonberg.com\\\/\",\"logo\":{\"@type\":\"ImageObject\",\"inLanguage\":\"en-US\",\"@id\":\"https:\\\/\\\/www.corleoneleonberg.com\\\/#\\\/schema\\\/logo\\\/image\\\/\",\"url\":\"https:\\\/\\\/www.corleoneleonberg.com\\\/wp-content\\\/uploads\\\/2024\\\/01\\\/logocorleoneameliore-copie180x60.png\",\"contentUrl\":\"https:\\\/\\\/www.corleoneleonberg.com\\\/wp-content\\\/uploads\\\/2024\\\/01\\\/logocorleoneameliore-copie180x60.png\",\"width\":180,\"height\":96,\"caption\":\"corleone leonberger\"},\"image\":{\"@id\":\"https:\\\/\\\/www.corleoneleonberg.com\\\/#\\\/schema\\\/logo\\\/image\\\/\"},\"sameAs\":[\"https:\\\/\\\/www.facebook.com\\\/groups\\\/365394546862990\",\"https:\\\/\\\/www.instagram.com\\\/goldenlioncorleoneleonberger\\\/\"]}]}<\/script>\n<!-- \/ Yoast SEO plugin. -->","yoast_head_json":{"title":"Neville - Corleone leonberger","description":"D\u00e9couvrez Corleone Leonberger, un \u00e9levage familial et responsable de Leonbergers certifi\u00e9s au Qu\u00e9bec. Nos chiots sont \u00e9lev\u00e9s avec amour et attention dans un environnement sain et stimulant. Visitez notre site pour en savoir plus sur nos chiens et nos port\u00e9es \u00e0 venir.","robots":{"index":"index","follow":"follow","max-snippet":"max-snippet:-1","max-image-preview":"max-image-preview:large","max-video-preview":"max-video-preview:-1"},"canonical":"https:\/\/www.corleoneleonberg.com\/en\/neville\/","og_locale":"en_US","og_type":"article","og_title":"Neville - Corleone leonberger","og_description":"D\u00e9couvrez Corleone Leonberger, un \u00e9levage familial et responsable de Leonbergers certifi\u00e9s au Qu\u00e9bec. Nos chiots sont \u00e9lev\u00e9s avec amour et attention dans un environnement sain et stimulant. Visitez notre site pour en savoir plus sur nos chiens et nos port\u00e9es \u00e0 venir.","og_url":"https:\/\/www.corleoneleonberg.com\/en\/neville\/","og_site_name":"Corleone leonberger","article_publisher":"https:\/\/www.facebook.com\/groups\/365394546862990","article_modified_time":"2025-03-01T20:27:19+00:00","og_image":[{"width":1200,"height":675,"url":"https:\/\/www.corleoneleonberg.com\/wp-content\/uploads\/2024\/04\/yoast.jpg","type":"image\/jpeg"}],"twitter_card":"summary_large_image","schema":{"@context":"https:\/\/schema.org","@graph":[{"@type":"WebPage","@id":"https:\/\/www.corleoneleonberg.com\/neville\/","url":"https:\/\/www.corleoneleonberg.com\/neville\/","name":"Neville - Corleone leonberger","isPartOf":{"@id":"https:\/\/www.corleoneleonberg.com\/#website"},"datePublished":"2024-04-18T14:20:38+00:00","dateModified":"2025-03-01T20:27:19+00:00","description":"D\u00e9couvrez Corleone Leonberger, un \u00e9levage familial et responsable de Leonbergers certifi\u00e9s au Qu\u00e9bec. Nos chiots sont \u00e9lev\u00e9s avec amour et attention dans un environnement sain et stimulant. Visitez notre site pour en savoir plus sur nos chiens et nos port\u00e9es \u00e0 venir.","breadcrumb":{"@id":"https:\/\/www.corleoneleonberg.com\/neville\/#breadcrumb"},"inLanguage":"en-US","potentialAction":[{"@type":"ReadAction","target":["https:\/\/www.corleoneleonberg.com\/neville\/"]}]},{"@type":"BreadcrumbList","@id":"https:\/\/www.corleoneleonberg.com\/neville\/#breadcrumb","itemListElement":[{"@type":"ListItem","position":1,"name":"Accueil","item":"https:\/\/www.corleoneleonberg.com\/"},{"@type":"ListItem","position":2,"name":"Neville"}]},{"@type":"WebSite","@id":"https:\/\/www.corleoneleonberg.com\/#website","url":"https:\/\/www.corleoneleonberg.com\/","name":"Corleone leonberg","description":"eleveur de leonberger.  leonberger breeder","publisher":{"@id":"https:\/\/www.corleoneleonberg.com\/#organization"},"alternateName":"corleone leonberger","potentialAction":[{"@type":"SearchAction","target":{"@type":"EntryPoint","urlTemplate":"https:\/\/www.corleoneleonberg.com\/?s={search_term_string}"},"query-input":{"@type":"PropertyValueSpecification","valueRequired":true,"valueName":"search_term_string"}}],"inLanguage":"en-US"},{"@type":"Organization","@id":"https:\/\/www.corleoneleonberg.com\/#organization","name":"corleone leonberger","url":"https:\/\/www.corleoneleonberg.com\/","logo":{"@type":"ImageObject","inLanguage":"en-US","@id":"https:\/\/www.corleoneleonberg.com\/#\/schema\/logo\/image\/","url":"https:\/\/www.corleoneleonberg.com\/wp-content\/uploads\/2024\/01\/logocorleoneameliore-copie180x60.png","contentUrl":"https:\/\/www.corleoneleonberg.com\/wp-content\/uploads\/2024\/01\/logocorleoneameliore-copie180x60.png","width":180,"height":96,"caption":"corleone leonberger"},"image":{"@id":"https:\/\/www.corleoneleonberg.com\/#\/schema\/logo\/image\/"},"sameAs":["https:\/\/www.facebook.com\/groups\/365394546862990","https:\/\/www.instagram.com\/goldenlioncorleoneleonberger\/"]}]}},"_links":{"self":[{"href":"https:\/\/www.corleoneleonberg.com\/en\/wp-json\/wp\/v2\/pages\/3295","targetHints":{"allow":["GET"]}}],"collection":[{"href":"https:\/\/www.corleoneleonberg.com\/en\/wp-json\/wp\/v2\/pages"}],"about":[{"href":"https:\/\/www.corleoneleonberg.com\/en\/wp-json\/wp\/v2\/types\/page"}],"author":[{"embeddable":true,"href":"https:\/\/www.corleoneleonberg.com\/en\/wp-json\/wp\/v2\/users\/1"}],"replies":[{"embeddable":true,"href":"https:\/\/www.corleoneleonberg.com\/en\/wp-json\/wp\/v2\/comments?post=3295"}],"version-history":[{"count":7,"href":"https:\/\/www.corleoneleonberg.com\/en\/wp-json\/wp\/v2\/pages\/3295\/revisions"}],"predecessor-version":[{"id":5140,"href":"https:\/\/www.corleoneleonberg.com\/en\/wp-json\/wp\/v2\/pages\/3295\/revisions\/5140"}],"wp:attachment":[{"href":"https:\/\/www.corleoneleonberg.com\/en\/wp-json\/wp\/v2\/media?parent=3295"}],"curies":[{"name":"wp","href":"https:\/\/api.w.org\/{rel}","templated":true}]}}