{"id":3934,"date":"2025-02-12T21:14:05","date_gmt":"2025-02-13T02:14:05","guid":{"rendered":"https:\/\/www.corleoneleonberg.com\/?page_id=3934"},"modified":"2025-02-14T11:01:16","modified_gmt":"2025-02-14T16:01:16","slug":"tokyo","status":"publish","type":"page","link":"https:\/\/www.corleoneleonberg.com\/en\/tokyo\/","title":{"rendered":"Tokyo"},"content":{"rendered":"<div data-elementor-type=\"wp-page\" data-elementor-id=\"3934\" class=\"elementor elementor-3934\" data-elementor-post-type=\"page\">\n\t\t\t\t<div class=\"elementor-element elementor-element-6f531f64 e-flex e-con-boxed e-con e-parent\" data-id=\"6f531f64\" data-element_type=\"container\" data-e-type=\"container\">\n\t\t\t\t\t<div class=\"e-con-inner\">\n\t\t\t\t<div class=\"elementor-element elementor-element-ebbaf17 elementor-widget elementor-widget-spacer\" data-id=\"ebbaf17\" data-element_type=\"widget\" data-e-type=\"widget\" data-widget_type=\"spacer.default\">\n\t\t\t\t\t\t\t<div class=\"elementor-spacer\">\n\t\t\t<div class=\"elementor-spacer-inner\"><\/div>\n\t\t<\/div>\n\t\t\t\t\t\t<\/div>\n\t\t\t\t<div class=\"elementor-element elementor-element-74365f9 elementor-widget elementor-widget-text-editor\" data-id=\"74365f9\" data-element_type=\"widget\" data-e-type=\"widget\" data-widget_type=\"text-editor.default\">\n\t\t\t\t\t\t\t\t\t<h2>Corleone Tokyo Winner Take It All<\/h2>\t\t\t\t\t\t\t\t<\/div>\n\t\t\t\t<div class=\"elementor-element elementor-element-38af84f0 elementor-align-center elementor-widget elementor-widget-button\" data-id=\"38af84f0\" data-element_type=\"widget\" data-e-type=\"widget\" data-widget_type=\"button.default\">\n\t\t\t\t\t\t\t\t\t\t<a class=\"elementor-button elementor-button-link elementor-size-sm\" href=\"http:\/\/www.leonberger-database.com\/lite\/trialmatingpedigree_e.php?gender=Male&#038;db=pedigree&#038;name=Trial+pedigree&#038;siredearchb=bronzeleon+for+corleone+p+papillon&#038;selectsire=BRONZELEON+FOR+CORLEONE+P+PAPILLON&#038;damsearchb=HIP+HIP+HURA+POCAHONTAS+GRANDE+LEONIS&#038;selectdam=HIP+HIP+HURA+POCAHONTAS+GRANDE+LEONIS&#038;gens=5&#038;submit=Create+trial+pedigree\" target=\"_blank\">\n\t\t\t\t\t\t<span class=\"elementor-button-content-wrapper\">\n\t\t\t\t\t\t\t\t\t<span class=\"elementor-button-text\">pedigree<\/span>\n\t\t\t\t\t<\/span>\n\t\t\t\t\t<\/a>\n\t\t\t\t\t\t\t\t<\/div>\n\t\t\t\t\t<\/div>\n\t\t\t\t<\/div>\n\t\t<div class=\"elementor-element elementor-element-1c218917 e-flex e-con-boxed e-con e-parent\" data-id=\"1c218917\" data-element_type=\"container\" data-e-type=\"container\">\n\t\t\t\t\t<div class=\"e-con-inner\">\n\t\t\t\t<div class=\"elementor-element elementor-element-a5d8fee elementor-widget elementor-widget-spacer\" data-id=\"a5d8fee\" data-element_type=\"widget\" data-e-type=\"widget\" data-widget_type=\"spacer.default\">\n\t\t\t\t\t\t\t<div class=\"elementor-spacer\">\n\t\t\t<div class=\"elementor-spacer-inner\"><\/div>\n\t\t<\/div>\n\t\t\t\t\t\t<\/div>\n\t\t\t\t<div class=\"elementor-element elementor-element-795ea991 elementor-widget elementor-widget-gallery\" data-id=\"795ea991\" data-element_type=\"widget\" data-e-type=\"widget\" data-settings=\"{&quot;lazyload&quot;:&quot;yes&quot;,&quot;gallery_layout&quot;:&quot;grid&quot;,&quot;columns&quot;:4,&quot;columns_tablet&quot;:2,&quot;columns_mobile&quot;:1,&quot;gap&quot;:{&quot;unit&quot;:&quot;px&quot;,&quot;size&quot;:10,&quot;sizes&quot;:[]},&quot;gap_tablet&quot;:{&quot;unit&quot;:&quot;px&quot;,&quot;size&quot;:10,&quot;sizes&quot;:[]},&quot;gap_mobile&quot;:{&quot;unit&quot;:&quot;px&quot;,&quot;size&quot;:10,&quot;sizes&quot;:[]},&quot;link_to&quot;:&quot;file&quot;,&quot;aspect_ratio&quot;:&quot;3:2&quot;,&quot;overlay_background&quot;:&quot;yes&quot;,&quot;content_hover_animation&quot;:&quot;fade-in&quot;}\" data-widget_type=\"gallery.default\">\n\t\t\t\t\t\t\t<div class=\"elementor-gallery__container\">\n\t\t\t\t\t\t\t<a class=\"e-gallery-item elementor-gallery-item elementor-animated-content\" href=\"https:\/\/www.corleoneleonberg.com\/wp-content\/uploads\/2025\/02\/7d11a0a7-0271-442d-8003-4d1b99d9adef.jpeg\" data-elementor-open-lightbox=\"yes\" data-elementor-lightbox-slideshow=\"795ea991\" data-elementor-lightbox-title=\"7d11a0a7-0271-442d-8003-4d1b99d9adef\" data-e-action-hash=\"#elementor-action%3Aaction%3Dlightbox%26settings%3DeyJpZCI6Mzk0NCwidXJsIjoiaHR0cHM6XC9cL3d3dy5jb3JsZW9uZWxlb25iZXJnLmNvbVwvd3AtY29udGVudFwvdXBsb2Fkc1wvMjAyNVwvMDJcLzdkMTFhMGE3LTAyNzEtNDQyZC04MDAzLTRkMWI5OWQ5YWRlZi5qcGVnIiwic2xpZGVzaG93IjoiNzk1ZWE5OTEifQ%3D%3D\">\n\t\t\t\t\t<div class=\"e-gallery-image elementor-gallery-item__image\" data-thumbnail=\"https:\/\/www.corleoneleonberg.com\/wp-content\/uploads\/2025\/02\/7d11a0a7-0271-442d-8003-4d1b99d9adef-225x300.jpeg\" data-width=\"225\" data-height=\"300\" aria-label=\"\" role=\"img\" ><\/div>\n\t\t\t\t\t\t\t\t\t\t\t<div class=\"elementor-gallery-item__overlay\"><\/div>\n\t\t\t\t\t\t\t\t\t\t\t\t\t\t<\/a>\n\t\t\t\t\t\t\t<a class=\"e-gallery-item elementor-gallery-item elementor-animated-content\" href=\"https:\/\/www.corleoneleonberg.com\/wp-content\/uploads\/2025\/02\/4f281d0e-6a18-4fc8-9a83-0b424b57515c-copie.jpg\" data-elementor-open-lightbox=\"yes\" data-elementor-lightbox-slideshow=\"795ea991\" data-elementor-lightbox-title=\"4f281d0e-6a18-4fc8-9a83-0b424b57515c copie\" data-e-action-hash=\"#elementor-action%3Aaction%3Dlightbox%26settings%3DeyJpZCI6Mzk0MywidXJsIjoiaHR0cHM6XC9cL3d3dy5jb3JsZW9uZWxlb25iZXJnLmNvbVwvd3AtY29udGVudFwvdXBsb2Fkc1wvMjAyNVwvMDJcLzRmMjgxZDBlLTZhMTgtNGZjOC05YTgzLTBiNDI0YjU3NTE1Yy1jb3BpZS5qcGciLCJzbGlkZXNob3ciOiI3OTVlYTk5MSJ9\">\n\t\t\t\t\t<div class=\"e-gallery-image elementor-gallery-item__image\" data-thumbnail=\"https:\/\/www.corleoneleonberg.com\/wp-content\/uploads\/2025\/02\/4f281d0e-6a18-4fc8-9a83-0b424b57515c-copie-169x300.jpg\" data-width=\"169\" data-height=\"300\" aria-label=\"\" role=\"img\" ><\/div>\n\t\t\t\t\t\t\t\t\t\t\t<div class=\"elementor-gallery-item__overlay\"><\/div>\n\t\t\t\t\t\t\t\t\t\t\t\t\t\t<\/a>\n\t\t\t\t\t<\/div>\n\t\t\t\t\t<\/div>\n\t\t\t\t<div class=\"elementor-element elementor-element-5028bc1 elementor-widget elementor-widget-spacer\" data-id=\"5028bc1\" data-element_type=\"widget\" data-e-type=\"widget\" data-widget_type=\"spacer.default\">\n\t\t\t\t\t\t\t<div class=\"elementor-spacer\">\n\t\t\t<div class=\"elementor-spacer-inner\"><\/div>\n\t\t<\/div>\n\t\t\t\t\t\t<\/div>\n\t\t\t\t\t<\/div>\n\t\t\t\t<\/div>\n\t\t<div class=\"elementor-element elementor-element-a584a73 e-flex e-con-boxed e-con e-parent\" data-id=\"a584a73\" data-element_type=\"container\" data-e-type=\"container\">\n\t\t\t\t\t<div class=\"e-con-inner\">\n\t\t<div class=\"elementor-element elementor-element-1c0ae5b e-con-full e-flex e-con e-child\" data-id=\"1c0ae5b\" data-element_type=\"container\" data-e-type=\"container\">\n\t\t\t\t<div class=\"elementor-element elementor-element-707ccfa elementor-widget elementor-widget-video\" data-id=\"707ccfa\" data-element_type=\"widget\" data-e-type=\"widget\" data-settings=\"{&quot;youtube_url&quot;:&quot;https:\\\/\\\/youtube.com\\\/shorts\\\/rM1olO6a1t4&quot;,&quot;video_type&quot;:&quot;youtube&quot;,&quot;controls&quot;:&quot;yes&quot;}\" data-widget_type=\"video.default\">\n\t\t\t\t\t\t\t<div class=\"elementor-wrapper elementor-open-inline\">\n\t\t\t<div class=\"elementor-video\"><\/div>\t\t<\/div>\n\t\t\t\t\t\t<\/div>\n\t\t\t\t<\/div>\n\t\t<div class=\"elementor-element elementor-element-3fb1950 e-con-full e-flex e-con e-child\" data-id=\"3fb1950\" data-element_type=\"container\" data-e-type=\"container\">\n\t\t\t\t<div class=\"elementor-element elementor-element-aad088a elementor-widget elementor-widget-video\" data-id=\"aad088a\" data-element_type=\"widget\" data-e-type=\"widget\" data-settings=\"{&quot;youtube_url&quot;:&quot;https:\\\/\\\/youtube.com\\\/shorts\\\/gRBHetVuVoY&quot;,&quot;video_type&quot;:&quot;youtube&quot;,&quot;controls&quot;:&quot;yes&quot;}\" data-widget_type=\"video.default\">\n\t\t\t\t\t\t\t<div class=\"elementor-wrapper elementor-open-inline\">\n\t\t\t<div class=\"elementor-video\"><\/div>\t\t<\/div>\n\t\t\t\t\t\t<\/div>\n\t\t\t\t<\/div>\n\t\t\t\t\t<\/div>\n\t\t\t\t<\/div>\n\t\t\t\t<\/div>","protected":false},"excerpt":{"rendered":"<p>Corleone Tokyo Winner Take It All pedigree https:\/\/youtube.com\/shorts\/rM1olO6a1t4https:\/\/youtube.com\/shorts\/gRBHetVuVoY<\/p>","protected":false},"author":1,"featured_media":0,"parent":0,"menu_order":0,"comment_status":"closed","ping_status":"closed","template":"","meta":{"site-sidebar-layout":"no-sidebar","site-content-layout":"page-builder","ast-site-content-layout":"full-width-container","site-content-style":"default","site-sidebar-style":"default","ast-global-header-display":"","ast-banner-title-visibility":"","ast-main-header-display":"","ast-hfb-above-header-display":"","ast-hfb-below-header-display":"","ast-hfb-mobile-header-display":"","site-post-title":"disabled","ast-breadcrumbs-content":"","ast-featured-img":"disabled","footer-sml-layout":"","ast-disable-related-posts":"","theme-transparent-header-meta":"","adv-header-id-meta":"","stick-header-meta":"","header-above-stick-meta":"","header-main-stick-meta":"","header-below-stick-meta":"","astra-migrate-meta-layouts":"set","ast-page-background-enabled":"default","ast-page-background-meta":{"desktop":{"background-color":"","background-image":"","background-repeat":"repeat","background-position":"center center","background-size":"auto","background-attachment":"scroll","background-type":"","background-media":"","overlay-type":"","overlay-color":"","overlay-opacity":"","overlay-gradient":""},"tablet":{"background-color":"","background-image":"","background-repeat":"repeat","background-position":"center center","background-size":"auto","background-attachment":"scroll","background-type":"","background-media":"","overlay-type":"","overlay-color":"","overlay-opacity":"","overlay-gradient":""},"mobile":{"background-color":"","background-image":"","background-repeat":"repeat","background-position":"center center","background-size":"auto","background-attachment":"scroll","background-type":"","background-media":"","overlay-type":"","overlay-color":"","overlay-opacity":"","overlay-gradient":""}},"ast-content-background-meta":{"desktop":{"background-color":"var(--ast-global-color-5)","background-image":"","background-repeat":"repeat","background-position":"center center","background-size":"auto","background-attachment":"scroll","background-type":"","background-media":"","overlay-type":"","overlay-color":"","overlay-opacity":"","overlay-gradient":""},"tablet":{"background-color":"var(--ast-global-color-5)","background-image":"","background-repeat":"repeat","background-position":"center center","background-size":"auto","background-attachment":"scroll","background-type":"","background-media":"","overlay-type":"","overlay-color":"","overlay-opacity":"","overlay-gradient":""},"mobile":{"background-color":"var(--ast-global-color-5)","background-image":"","background-repeat":"repeat","background-position":"center center","background-size":"auto","background-attachment":"scroll","background-type":"","background-media":"","overlay-type":"","overlay-color":"","overlay-opacity":"","overlay-gradient":""}},"footnotes":""},"class_list":["post-3934","page","type-page","status-publish","hentry"],"yoast_head":"<!-- This site is optimized with the Yoast SEO plugin v27.5 - https:\/\/yoast.com\/product\/yoast-seo-wordpress\/ -->\n<title>Tokyo - Corleone leonberger<\/title>\n<meta name=\"description\" content=\"D\u00e9couvrez Corleone Leonberger, un \u00e9levage familial et responsable de Leonbergers certifi\u00e9s au Qu\u00e9bec. Nos chiots sont \u00e9lev\u00e9s avec amour et attention dans un environnement sain et stimulant. Visitez notre site pour en savoir plus sur nos chiens et nos port\u00e9es \u00e0 venir.\" \/>\n<meta name=\"robots\" content=\"index, follow, max-snippet:-1, max-image-preview:large, max-video-preview:-1\" \/>\n<link rel=\"canonical\" href=\"https:\/\/www.corleoneleonberg.com\/en\/tokyo\/\" \/>\n<meta property=\"og:locale\" content=\"en_US\" \/>\n<meta property=\"og:type\" content=\"article\" \/>\n<meta property=\"og:title\" content=\"Tokyo - Corleone leonberger\" \/>\n<meta property=\"og:description\" content=\"D\u00e9couvrez Corleone Leonberger, un \u00e9levage familial et responsable de Leonbergers certifi\u00e9s au Qu\u00e9bec. Nos chiots sont \u00e9lev\u00e9s avec amour et attention dans un environnement sain et stimulant. Visitez notre site pour en savoir plus sur nos chiens et nos port\u00e9es \u00e0 venir.\" \/>\n<meta property=\"og:url\" content=\"https:\/\/www.corleoneleonberg.com\/en\/tokyo\/\" \/>\n<meta property=\"og:site_name\" content=\"Corleone leonberger\" \/>\n<meta property=\"article:publisher\" content=\"https:\/\/www.facebook.com\/groups\/365394546862990\" \/>\n<meta property=\"article:modified_time\" content=\"2025-02-14T16:01:16+00:00\" \/>\n<meta property=\"og:image\" content=\"https:\/\/www.corleoneleonberg.com\/wp-content\/uploads\/2024\/04\/yoast.jpg\" \/>\n\t<meta property=\"og:image:width\" content=\"1200\" \/>\n\t<meta property=\"og:image:height\" content=\"675\" \/>\n\t<meta property=\"og:image:type\" content=\"image\/jpeg\" \/>\n<meta name=\"twitter:card\" content=\"summary_large_image\" \/>\n<meta name=\"twitter:label1\" content=\"Est. reading time\" \/>\n\t<meta name=\"twitter:data1\" content=\"1 minute\" \/>\n<script type=\"application\/ld+json\" class=\"yoast-schema-graph\">{\"@context\":\"https:\\\/\\\/schema.org\",\"@graph\":[{\"@type\":\"WebPage\",\"@id\":\"https:\\\/\\\/www.corleoneleonberg.com\\\/tokyo\\\/\",\"url\":\"https:\\\/\\\/www.corleoneleonberg.com\\\/tokyo\\\/\",\"name\":\"Tokyo - Corleone leonberger\",\"isPartOf\":{\"@id\":\"https:\\\/\\\/www.corleoneleonberg.com\\\/#website\"},\"datePublished\":\"2025-02-13T02:14:05+00:00\",\"dateModified\":\"2025-02-14T16:01:16+00:00\",\"description\":\"D\u00e9couvrez Corleone Leonberger, un \u00e9levage familial et responsable de Leonbergers certifi\u00e9s au Qu\u00e9bec. Nos chiots sont \u00e9lev\u00e9s avec amour et attention dans un environnement sain et stimulant. Visitez notre site pour en savoir plus sur nos chiens et nos port\u00e9es \u00e0 venir.\",\"breadcrumb\":{\"@id\":\"https:\\\/\\\/www.corleoneleonberg.com\\\/tokyo\\\/#breadcrumb\"},\"inLanguage\":\"en-US\",\"potentialAction\":[{\"@type\":\"ReadAction\",\"target\":[\"https:\\\/\\\/www.corleoneleonberg.com\\\/tokyo\\\/\"]}]},{\"@type\":\"BreadcrumbList\",\"@id\":\"https:\\\/\\\/www.corleoneleonberg.com\\\/tokyo\\\/#breadcrumb\",\"itemListElement\":[{\"@type\":\"ListItem\",\"position\":1,\"name\":\"Accueil\",\"item\":\"https:\\\/\\\/www.corleoneleonberg.com\\\/\"},{\"@type\":\"ListItem\",\"position\":2,\"name\":\"Tokyo\"}]},{\"@type\":\"WebSite\",\"@id\":\"https:\\\/\\\/www.corleoneleonberg.com\\\/#website\",\"url\":\"https:\\\/\\\/www.corleoneleonberg.com\\\/\",\"name\":\"Corleone leonberg\",\"description\":\"eleveur de leonberger.  leonberger breeder\",\"publisher\":{\"@id\":\"https:\\\/\\\/www.corleoneleonberg.com\\\/#organization\"},\"alternateName\":\"corleone leonberger\",\"potentialAction\":[{\"@type\":\"SearchAction\",\"target\":{\"@type\":\"EntryPoint\",\"urlTemplate\":\"https:\\\/\\\/www.corleoneleonberg.com\\\/?s={search_term_string}\"},\"query-input\":{\"@type\":\"PropertyValueSpecification\",\"valueRequired\":true,\"valueName\":\"search_term_string\"}}],\"inLanguage\":\"en-US\"},{\"@type\":\"Organization\",\"@id\":\"https:\\\/\\\/www.corleoneleonberg.com\\\/#organization\",\"name\":\"corleone leonberger\",\"url\":\"https:\\\/\\\/www.corleoneleonberg.com\\\/\",\"logo\":{\"@type\":\"ImageObject\",\"inLanguage\":\"en-US\",\"@id\":\"https:\\\/\\\/www.corleoneleonberg.com\\\/#\\\/schema\\\/logo\\\/image\\\/\",\"url\":\"https:\\\/\\\/www.corleoneleonberg.com\\\/wp-content\\\/uploads\\\/2024\\\/01\\\/logocorleoneameliore-copie180x60.png\",\"contentUrl\":\"https:\\\/\\\/www.corleoneleonberg.com\\\/wp-content\\\/uploads\\\/2024\\\/01\\\/logocorleoneameliore-copie180x60.png\",\"width\":180,\"height\":96,\"caption\":\"corleone leonberger\"},\"image\":{\"@id\":\"https:\\\/\\\/www.corleoneleonberg.com\\\/#\\\/schema\\\/logo\\\/image\\\/\"},\"sameAs\":[\"https:\\\/\\\/www.facebook.com\\\/groups\\\/365394546862990\",\"https:\\\/\\\/www.instagram.com\\\/goldenlioncorleoneleonberger\\\/\"]}]}<\/script>\n<!-- \/ Yoast SEO plugin. -->","yoast_head_json":{"title":"Tokyo - Corleone leonberger","description":"D\u00e9couvrez Corleone Leonberger, un \u00e9levage familial et responsable de Leonbergers certifi\u00e9s au Qu\u00e9bec. Nos chiots sont \u00e9lev\u00e9s avec amour et attention dans un environnement sain et stimulant. Visitez notre site pour en savoir plus sur nos chiens et nos port\u00e9es \u00e0 venir.","robots":{"index":"index","follow":"follow","max-snippet":"max-snippet:-1","max-image-preview":"max-image-preview:large","max-video-preview":"max-video-preview:-1"},"canonical":"https:\/\/www.corleoneleonberg.com\/en\/tokyo\/","og_locale":"en_US","og_type":"article","og_title":"Tokyo - Corleone leonberger","og_description":"D\u00e9couvrez Corleone Leonberger, un \u00e9levage familial et responsable de Leonbergers certifi\u00e9s au Qu\u00e9bec. Nos chiots sont \u00e9lev\u00e9s avec amour et attention dans un environnement sain et stimulant. Visitez notre site pour en savoir plus sur nos chiens et nos port\u00e9es \u00e0 venir.","og_url":"https:\/\/www.corleoneleonberg.com\/en\/tokyo\/","og_site_name":"Corleone leonberger","article_publisher":"https:\/\/www.facebook.com\/groups\/365394546862990","article_modified_time":"2025-02-14T16:01:16+00:00","og_image":[{"width":1200,"height":675,"url":"https:\/\/www.corleoneleonberg.com\/wp-content\/uploads\/2024\/04\/yoast.jpg","type":"image\/jpeg"}],"twitter_card":"summary_large_image","twitter_misc":{"Est. reading time":"1 minute"},"schema":{"@context":"https:\/\/schema.org","@graph":[{"@type":"WebPage","@id":"https:\/\/www.corleoneleonberg.com\/tokyo\/","url":"https:\/\/www.corleoneleonberg.com\/tokyo\/","name":"Tokyo - Corleone leonberger","isPartOf":{"@id":"https:\/\/www.corleoneleonberg.com\/#website"},"datePublished":"2025-02-13T02:14:05+00:00","dateModified":"2025-02-14T16:01:16+00:00","description":"D\u00e9couvrez Corleone Leonberger, un \u00e9levage familial et responsable de Leonbergers certifi\u00e9s au Qu\u00e9bec. Nos chiots sont \u00e9lev\u00e9s avec amour et attention dans un environnement sain et stimulant. Visitez notre site pour en savoir plus sur nos chiens et nos port\u00e9es \u00e0 venir.","breadcrumb":{"@id":"https:\/\/www.corleoneleonberg.com\/tokyo\/#breadcrumb"},"inLanguage":"en-US","potentialAction":[{"@type":"ReadAction","target":["https:\/\/www.corleoneleonberg.com\/tokyo\/"]}]},{"@type":"BreadcrumbList","@id":"https:\/\/www.corleoneleonberg.com\/tokyo\/#breadcrumb","itemListElement":[{"@type":"ListItem","position":1,"name":"Accueil","item":"https:\/\/www.corleoneleonberg.com\/"},{"@type":"ListItem","position":2,"name":"Tokyo"}]},{"@type":"WebSite","@id":"https:\/\/www.corleoneleonberg.com\/#website","url":"https:\/\/www.corleoneleonberg.com\/","name":"Corleone leonberg","description":"eleveur de leonberger.  leonberger breeder","publisher":{"@id":"https:\/\/www.corleoneleonberg.com\/#organization"},"alternateName":"corleone leonberger","potentialAction":[{"@type":"SearchAction","target":{"@type":"EntryPoint","urlTemplate":"https:\/\/www.corleoneleonberg.com\/?s={search_term_string}"},"query-input":{"@type":"PropertyValueSpecification","valueRequired":true,"valueName":"search_term_string"}}],"inLanguage":"en-US"},{"@type":"Organization","@id":"https:\/\/www.corleoneleonberg.com\/#organization","name":"corleone leonberger","url":"https:\/\/www.corleoneleonberg.com\/","logo":{"@type":"ImageObject","inLanguage":"en-US","@id":"https:\/\/www.corleoneleonberg.com\/#\/schema\/logo\/image\/","url":"https:\/\/www.corleoneleonberg.com\/wp-content\/uploads\/2024\/01\/logocorleoneameliore-copie180x60.png","contentUrl":"https:\/\/www.corleoneleonberg.com\/wp-content\/uploads\/2024\/01\/logocorleoneameliore-copie180x60.png","width":180,"height":96,"caption":"corleone leonberger"},"image":{"@id":"https:\/\/www.corleoneleonberg.com\/#\/schema\/logo\/image\/"},"sameAs":["https:\/\/www.facebook.com\/groups\/365394546862990","https:\/\/www.instagram.com\/goldenlioncorleoneleonberger\/"]}]}},"_links":{"self":[{"href":"https:\/\/www.corleoneleonberg.com\/en\/wp-json\/wp\/v2\/pages\/3934","targetHints":{"allow":["GET"]}}],"collection":[{"href":"https:\/\/www.corleoneleonberg.com\/en\/wp-json\/wp\/v2\/pages"}],"about":[{"href":"https:\/\/www.corleoneleonberg.com\/en\/wp-json\/wp\/v2\/types\/page"}],"author":[{"embeddable":true,"href":"https:\/\/www.corleoneleonberg.com\/en\/wp-json\/wp\/v2\/users\/1"}],"replies":[{"embeddable":true,"href":"https:\/\/www.corleoneleonberg.com\/en\/wp-json\/wp\/v2\/comments?post=3934"}],"version-history":[{"count":16,"href":"https:\/\/www.corleoneleonberg.com\/en\/wp-json\/wp\/v2\/pages\/3934\/revisions"}],"predecessor-version":[{"id":4241,"href":"https:\/\/www.corleoneleonberg.com\/en\/wp-json\/wp\/v2\/pages\/3934\/revisions\/4241"}],"wp:attachment":[{"href":"https:\/\/www.corleoneleonberg.com\/en\/wp-json\/wp\/v2\/media?parent=3934"}],"curies":[{"name":"wp","href":"https:\/\/api.w.org\/{rel}","templated":true}]}}