{"id":4276,"date":"2025-02-15T08:18:47","date_gmt":"2025-02-15T13:18:47","guid":{"rendered":"https:\/\/www.corleoneleonberg.com\/?page_id=4276"},"modified":"2025-02-15T08:48:23","modified_gmt":"2025-02-15T13:48:23","slug":"ares","status":"publish","type":"page","link":"https:\/\/www.corleoneleonberg.com\/en\/ares\/","title":{"rendered":"Ares"},"content":{"rendered":"<div data-elementor-type=\"wp-page\" data-elementor-id=\"4276\" class=\"elementor elementor-4276\" data-elementor-post-type=\"page\">\n\t\t\t\t<div class=\"elementor-element elementor-element-b94da61 e-flex e-con-boxed e-con e-parent\" data-id=\"b94da61\" data-element_type=\"container\" data-e-type=\"container\">\n\t\t\t\t\t<div class=\"e-con-inner\">\n\t\t\t\t<div class=\"elementor-element elementor-element-45c78f1 elementor-widget elementor-widget-spacer\" data-id=\"45c78f1\" data-element_type=\"widget\" data-e-type=\"widget\" data-widget_type=\"spacer.default\">\n\t\t\t\t\t\t\t<div class=\"elementor-spacer\">\n\t\t\t<div class=\"elementor-spacer-inner\"><\/div>\n\t\t<\/div>\n\t\t\t\t\t\t<\/div>\n\t\t\t\t<div class=\"elementor-element elementor-element-2b90662 elementor-widget elementor-widget-heading\" data-id=\"2b90662\" data-element_type=\"widget\" data-e-type=\"widget\" data-widget_type=\"heading.default\">\n\t\t\t\t\t<h2 class=\"elementor-heading-title elementor-size-default\">BRONZELEON FOR CORLEONE Y ARES<\/h2>\t\t\t\t<\/div>\n\t\t\t\t<div class=\"elementor-element elementor-element-40e4d2b7 elementor-align-center elementor-widget elementor-widget-button\" data-id=\"40e4d2b7\" data-element_type=\"widget\" data-e-type=\"widget\" data-widget_type=\"button.default\">\n\t\t\t\t\t\t\t\t\t\t<a class=\"elementor-button elementor-button-link elementor-size-sm\" href=\"http:\/\/www.leonberger-database.com\/lite\/trialmatingpedigree_e.php?gender=Male&#038;db=pedigree&#038;name=Trial+pedigree&#038;siredearchb=BRONZELEON+U+YUGADA&#038;selectsire=BRONZELEON+U+YUGADA&#038;damsearchb=BRONZELEON+O+MATSQU&#038;selectdam=BRONZELEON+O+MATSQUI&#038;gens=5&#038;submit=Create+trial+pedigree\" target=\"_blank\">\n\t\t\t\t\t\t<span class=\"elementor-button-content-wrapper\">\n\t\t\t\t\t\t\t\t\t<span class=\"elementor-button-text\">pedigree<\/span>\n\t\t\t\t\t<\/span>\n\t\t\t\t\t<\/a>\n\t\t\t\t\t\t\t\t<\/div>\n\t\t\t\t\t<\/div>\n\t\t\t\t<\/div>\n\t\t<div class=\"elementor-element elementor-element-74d4cea6 e-flex e-con-boxed e-con e-parent\" data-id=\"74d4cea6\" data-element_type=\"container\" data-e-type=\"container\">\n\t\t\t\t\t<div class=\"e-con-inner\">\n\t\t\t\t<div class=\"elementor-element elementor-element-5fac556 elementor-widget elementor-widget-spacer\" data-id=\"5fac556\" data-element_type=\"widget\" data-e-type=\"widget\" data-widget_type=\"spacer.default\">\n\t\t\t\t\t\t\t<div class=\"elementor-spacer\">\n\t\t\t<div class=\"elementor-spacer-inner\"><\/div>\n\t\t<\/div>\n\t\t\t\t\t\t<\/div>\n\t\t\t\t<div class=\"elementor-element elementor-element-41a7a999 elementor-widget elementor-widget-gallery\" data-id=\"41a7a999\" data-element_type=\"widget\" data-e-type=\"widget\" data-settings=\"{&quot;lazyload&quot;:&quot;yes&quot;,&quot;gallery_layout&quot;:&quot;grid&quot;,&quot;columns&quot;:4,&quot;columns_tablet&quot;:2,&quot;columns_mobile&quot;:1,&quot;gap&quot;:{&quot;unit&quot;:&quot;px&quot;,&quot;size&quot;:10,&quot;sizes&quot;:[]},&quot;gap_tablet&quot;:{&quot;unit&quot;:&quot;px&quot;,&quot;size&quot;:10,&quot;sizes&quot;:[]},&quot;gap_mobile&quot;:{&quot;unit&quot;:&quot;px&quot;,&quot;size&quot;:10,&quot;sizes&quot;:[]},&quot;link_to&quot;:&quot;file&quot;,&quot;aspect_ratio&quot;:&quot;3:2&quot;,&quot;overlay_background&quot;:&quot;yes&quot;,&quot;content_hover_animation&quot;:&quot;fade-in&quot;}\" data-widget_type=\"gallery.default\">\n\t\t\t\t\t\t\t<div class=\"elementor-gallery__container\">\n\t\t\t\t\t\t\t<a class=\"e-gallery-item elementor-gallery-item elementor-animated-content\" href=\"https:\/\/www.corleoneleonberg.com\/wp-content\/uploads\/2025\/02\/Sans-titre-1-copie-1.jpg\" data-elementor-open-lightbox=\"yes\" data-elementor-lightbox-slideshow=\"41a7a999\" data-elementor-lightbox-title=\"Sans titre-1 copie\" data-e-action-hash=\"#elementor-action%3Aaction%3Dlightbox%26settings%3DeyJpZCI6NDI3OSwidXJsIjoiaHR0cHM6XC9cL3d3dy5jb3JsZW9uZWxlb25iZXJnLmNvbVwvd3AtY29udGVudFwvdXBsb2Fkc1wvMjAyNVwvMDJcL1NhbnMtdGl0cmUtMS1jb3BpZS0xLmpwZyIsInNsaWRlc2hvdyI6IjQxYTdhOTk5In0%3D\">\n\t\t\t\t\t<div class=\"e-gallery-image elementor-gallery-item__image\" data-thumbnail=\"https:\/\/www.corleoneleonberg.com\/wp-content\/uploads\/2025\/02\/Sans-titre-1-copie-1-218x300.jpg\" data-width=\"218\" data-height=\"300\" aria-label=\"\" role=\"img\" ><\/div>\n\t\t\t\t\t\t\t\t\t\t\t<div class=\"elementor-gallery-item__overlay\"><\/div>\n\t\t\t\t\t\t\t\t\t\t\t\t\t\t<\/a>\n\t\t\t\t\t<\/div>\n\t\t\t\t\t<\/div>\n\t\t\t\t<div class=\"elementor-element elementor-element-d4f67ef elementor-widget elementor-widget-spacer\" data-id=\"d4f67ef\" data-element_type=\"widget\" data-e-type=\"widget\" data-widget_type=\"spacer.default\">\n\t\t\t\t\t\t\t<div class=\"elementor-spacer\">\n\t\t\t<div class=\"elementor-spacer-inner\"><\/div>\n\t\t<\/div>\n\t\t\t\t\t\t<\/div>\n\t\t\t\t\t<\/div>\n\t\t\t\t<\/div>\n\t\t<div class=\"elementor-element elementor-element-7acda3c3 e-con-full e-flex e-con e-parent\" data-id=\"7acda3c3\" data-element_type=\"container\" data-e-type=\"container\" data-settings=\"{&quot;background_background&quot;:&quot;classic&quot;}\">\n\t\t<div class=\"elementor-element elementor-element-171b42b5 e-con-full e-flex e-con e-child\" data-id=\"171b42b5\" data-element_type=\"container\" data-e-type=\"container\">\n\t\t<div class=\"elementor-element elementor-element-68b84c41 e-con-full e-flex e-con e-child\" data-id=\"68b84c41\" data-element_type=\"container\" data-e-type=\"container\">\n\t\t\t\t<\/div>\n\t\t<div class=\"elementor-element elementor-element-29d0385f e-con-full e-flex e-con e-child\" data-id=\"29d0385f\" data-element_type=\"container\" data-e-type=\"container\" data-settings=\"{&quot;background_background&quot;:&quot;video&quot;}\">\n\t\t\t\t<div class=\"elementor-element elementor-element-b9cf16c elementor-widget elementor-widget-video\" data-id=\"b9cf16c\" data-element_type=\"widget\" data-e-type=\"widget\" data-settings=\"{&quot;youtube_url&quot;:&quot;https:\\\/\\\/youtube.com\\\/shorts\\\/ARIxx1MK2eA&quot;,&quot;video_type&quot;:&quot;youtube&quot;,&quot;controls&quot;:&quot;yes&quot;}\" data-widget_type=\"video.default\">\n\t\t\t\t\t\t\t<div class=\"elementor-wrapper elementor-open-inline\">\n\t\t\t<div class=\"elementor-video\"><\/div>\t\t<\/div>\n\t\t\t\t\t\t<\/div>\n\t\t\t\t<\/div>\n\t\t<div class=\"elementor-element elementor-element-1c9f576c e-con-full e-flex e-con e-child\" data-id=\"1c9f576c\" data-element_type=\"container\" data-e-type=\"container\">\n\t\t\t\t<\/div>\n\t\t\t\t<\/div>\n\t\t\t\t<\/div>\n\t\t\t\t<\/div>","protected":false},"excerpt":{"rendered":"<p>BRONZELEON FOR CORLEONE Y ARES pedigree<\/p>","protected":false},"author":1,"featured_media":0,"parent":0,"menu_order":0,"comment_status":"closed","ping_status":"closed","template":"","meta":{"site-sidebar-layout":"no-sidebar","site-content-layout":"page-builder","ast-site-content-layout":"full-width-container","site-content-style":"default","site-sidebar-style":"default","ast-global-header-display":"","ast-banner-title-visibility":"","ast-main-header-display":"","ast-hfb-above-header-display":"","ast-hfb-below-header-display":"","ast-hfb-mobile-header-display":"","site-post-title":"disabled","ast-breadcrumbs-content":"","ast-featured-img":"disabled","footer-sml-layout":"","ast-disable-related-posts":"","theme-transparent-header-meta":"","adv-header-id-meta":"","stick-header-meta":"","header-above-stick-meta":"","header-main-stick-meta":"","header-below-stick-meta":"","astra-migrate-meta-layouts":"set","ast-page-background-enabled":"default","ast-page-background-meta":{"desktop":{"background-color":"","background-image":"","background-repeat":"repeat","background-position":"center center","background-size":"auto","background-attachment":"scroll","background-type":"","background-media":"","overlay-type":"","overlay-color":"","overlay-opacity":"","overlay-gradient":""},"tablet":{"background-color":"","background-image":"","background-repeat":"repeat","background-position":"center center","background-size":"auto","background-attachment":"scroll","background-type":"","background-media":"","overlay-type":"","overlay-color":"","overlay-opacity":"","overlay-gradient":""},"mobile":{"background-color":"","background-image":"","background-repeat":"repeat","background-position":"center center","background-size":"auto","background-attachment":"scroll","background-type":"","background-media":"","overlay-type":"","overlay-color":"","overlay-opacity":"","overlay-gradient":""}},"ast-content-background-meta":{"desktop":{"background-color":"var(--ast-global-color-5)","background-image":"","background-repeat":"repeat","background-position":"center center","background-size":"auto","background-attachment":"scroll","background-type":"","background-media":"","overlay-type":"","overlay-color":"","overlay-opacity":"","overlay-gradient":""},"tablet":{"background-color":"var(--ast-global-color-5)","background-image":"","background-repeat":"repeat","background-position":"center center","background-size":"auto","background-attachment":"scroll","background-type":"","background-media":"","overlay-type":"","overlay-color":"","overlay-opacity":"","overlay-gradient":""},"mobile":{"background-color":"var(--ast-global-color-5)","background-image":"","background-repeat":"repeat","background-position":"center center","background-size":"auto","background-attachment":"scroll","background-type":"","background-media":"","overlay-type":"","overlay-color":"","overlay-opacity":"","overlay-gradient":""}},"footnotes":""},"class_list":["post-4276","page","type-page","status-publish","hentry"],"yoast_head":"<!-- This site is optimized with the Yoast SEO plugin v27.5 - https:\/\/yoast.com\/product\/yoast-seo-wordpress\/ -->\n<title>Ares - Corleone leonberger<\/title>\n<meta name=\"description\" content=\"D\u00e9couvrez Corleone Leonberger, un \u00e9levage familial et responsable de Leonbergers certifi\u00e9s au Qu\u00e9bec. Nos chiots sont \u00e9lev\u00e9s avec amour et attention dans un environnement sain et stimulant. Visitez notre site pour en savoir plus sur nos chiens et nos port\u00e9es \u00e0 venir.\" \/>\n<meta name=\"robots\" content=\"index, follow, max-snippet:-1, max-image-preview:large, max-video-preview:-1\" \/>\n<link rel=\"canonical\" href=\"https:\/\/www.corleoneleonberg.com\/en\/ares\/\" \/>\n<meta property=\"og:locale\" content=\"en_US\" \/>\n<meta property=\"og:type\" content=\"article\" \/>\n<meta property=\"og:title\" content=\"Ares - Corleone leonberger\" \/>\n<meta property=\"og:description\" content=\"D\u00e9couvrez Corleone Leonberger, un \u00e9levage familial et responsable de Leonbergers certifi\u00e9s au Qu\u00e9bec. Nos chiots sont \u00e9lev\u00e9s avec amour et attention dans un environnement sain et stimulant. Visitez notre site pour en savoir plus sur nos chiens et nos port\u00e9es \u00e0 venir.\" \/>\n<meta property=\"og:url\" content=\"https:\/\/www.corleoneleonberg.com\/en\/ares\/\" \/>\n<meta property=\"og:site_name\" content=\"Corleone leonberger\" \/>\n<meta property=\"article:publisher\" content=\"https:\/\/www.facebook.com\/groups\/365394546862990\" \/>\n<meta property=\"article:modified_time\" content=\"2025-02-15T13:48:23+00:00\" \/>\n<meta property=\"og:image\" content=\"https:\/\/www.corleoneleonberg.com\/wp-content\/uploads\/2024\/04\/yoast.jpg\" \/>\n\t<meta property=\"og:image:width\" content=\"1200\" \/>\n\t<meta property=\"og:image:height\" content=\"675\" \/>\n\t<meta property=\"og:image:type\" content=\"image\/jpeg\" \/>\n<meta name=\"twitter:card\" content=\"summary_large_image\" \/>\n<meta name=\"twitter:label1\" content=\"Est. reading time\" \/>\n\t<meta name=\"twitter:data1\" content=\"1 minute\" \/>\n<script type=\"application\/ld+json\" class=\"yoast-schema-graph\">{\"@context\":\"https:\\\/\\\/schema.org\",\"@graph\":[{\"@type\":\"WebPage\",\"@id\":\"https:\\\/\\\/www.corleoneleonberg.com\\\/ares\\\/\",\"url\":\"https:\\\/\\\/www.corleoneleonberg.com\\\/ares\\\/\",\"name\":\"Ares - Corleone leonberger\",\"isPartOf\":{\"@id\":\"https:\\\/\\\/www.corleoneleonberg.com\\\/#website\"},\"datePublished\":\"2025-02-15T13:18:47+00:00\",\"dateModified\":\"2025-02-15T13:48:23+00:00\",\"description\":\"D\u00e9couvrez Corleone Leonberger, un \u00e9levage familial et responsable de Leonbergers certifi\u00e9s au Qu\u00e9bec. Nos chiots sont \u00e9lev\u00e9s avec amour et attention dans un environnement sain et stimulant. Visitez notre site pour en savoir plus sur nos chiens et nos port\u00e9es \u00e0 venir.\",\"breadcrumb\":{\"@id\":\"https:\\\/\\\/www.corleoneleonberg.com\\\/ares\\\/#breadcrumb\"},\"inLanguage\":\"en-US\",\"potentialAction\":[{\"@type\":\"ReadAction\",\"target\":[\"https:\\\/\\\/www.corleoneleonberg.com\\\/ares\\\/\"]}]},{\"@type\":\"BreadcrumbList\",\"@id\":\"https:\\\/\\\/www.corleoneleonberg.com\\\/ares\\\/#breadcrumb\",\"itemListElement\":[{\"@type\":\"ListItem\",\"position\":1,\"name\":\"Accueil\",\"item\":\"https:\\\/\\\/www.corleoneleonberg.com\\\/\"},{\"@type\":\"ListItem\",\"position\":2,\"name\":\"Ares\"}]},{\"@type\":\"WebSite\",\"@id\":\"https:\\\/\\\/www.corleoneleonberg.com\\\/#website\",\"url\":\"https:\\\/\\\/www.corleoneleonberg.com\\\/\",\"name\":\"Corleone leonberg\",\"description\":\"eleveur de leonberger.  leonberger breeder\",\"publisher\":{\"@id\":\"https:\\\/\\\/www.corleoneleonberg.com\\\/#organization\"},\"alternateName\":\"corleone leonberger\",\"potentialAction\":[{\"@type\":\"SearchAction\",\"target\":{\"@type\":\"EntryPoint\",\"urlTemplate\":\"https:\\\/\\\/www.corleoneleonberg.com\\\/?s={search_term_string}\"},\"query-input\":{\"@type\":\"PropertyValueSpecification\",\"valueRequired\":true,\"valueName\":\"search_term_string\"}}],\"inLanguage\":\"en-US\"},{\"@type\":\"Organization\",\"@id\":\"https:\\\/\\\/www.corleoneleonberg.com\\\/#organization\",\"name\":\"corleone leonberger\",\"url\":\"https:\\\/\\\/www.corleoneleonberg.com\\\/\",\"logo\":{\"@type\":\"ImageObject\",\"inLanguage\":\"en-US\",\"@id\":\"https:\\\/\\\/www.corleoneleonberg.com\\\/#\\\/schema\\\/logo\\\/image\\\/\",\"url\":\"https:\\\/\\\/www.corleoneleonberg.com\\\/wp-content\\\/uploads\\\/2024\\\/01\\\/logocorleoneameliore-copie180x60.png\",\"contentUrl\":\"https:\\\/\\\/www.corleoneleonberg.com\\\/wp-content\\\/uploads\\\/2024\\\/01\\\/logocorleoneameliore-copie180x60.png\",\"width\":180,\"height\":96,\"caption\":\"corleone leonberger\"},\"image\":{\"@id\":\"https:\\\/\\\/www.corleoneleonberg.com\\\/#\\\/schema\\\/logo\\\/image\\\/\"},\"sameAs\":[\"https:\\\/\\\/www.facebook.com\\\/groups\\\/365394546862990\",\"https:\\\/\\\/www.instagram.com\\\/goldenlioncorleoneleonberger\\\/\"]}]}<\/script>\n<!-- \/ Yoast SEO plugin. -->","yoast_head_json":{"title":"Ares - Corleone leonberger","description":"D\u00e9couvrez Corleone Leonberger, un \u00e9levage familial et responsable de Leonbergers certifi\u00e9s au Qu\u00e9bec. Nos chiots sont \u00e9lev\u00e9s avec amour et attention dans un environnement sain et stimulant. Visitez notre site pour en savoir plus sur nos chiens et nos port\u00e9es \u00e0 venir.","robots":{"index":"index","follow":"follow","max-snippet":"max-snippet:-1","max-image-preview":"max-image-preview:large","max-video-preview":"max-video-preview:-1"},"canonical":"https:\/\/www.corleoneleonberg.com\/en\/ares\/","og_locale":"en_US","og_type":"article","og_title":"Ares - Corleone leonberger","og_description":"D\u00e9couvrez Corleone Leonberger, un \u00e9levage familial et responsable de Leonbergers certifi\u00e9s au Qu\u00e9bec. Nos chiots sont \u00e9lev\u00e9s avec amour et attention dans un environnement sain et stimulant. Visitez notre site pour en savoir plus sur nos chiens et nos port\u00e9es \u00e0 venir.","og_url":"https:\/\/www.corleoneleonberg.com\/en\/ares\/","og_site_name":"Corleone leonberger","article_publisher":"https:\/\/www.facebook.com\/groups\/365394546862990","article_modified_time":"2025-02-15T13:48:23+00:00","og_image":[{"width":1200,"height":675,"url":"https:\/\/www.corleoneleonberg.com\/wp-content\/uploads\/2024\/04\/yoast.jpg","type":"image\/jpeg"}],"twitter_card":"summary_large_image","twitter_misc":{"Est. reading time":"1 minute"},"schema":{"@context":"https:\/\/schema.org","@graph":[{"@type":"WebPage","@id":"https:\/\/www.corleoneleonberg.com\/ares\/","url":"https:\/\/www.corleoneleonberg.com\/ares\/","name":"Ares - Corleone leonberger","isPartOf":{"@id":"https:\/\/www.corleoneleonberg.com\/#website"},"datePublished":"2025-02-15T13:18:47+00:00","dateModified":"2025-02-15T13:48:23+00:00","description":"D\u00e9couvrez Corleone Leonberger, un \u00e9levage familial et responsable de Leonbergers certifi\u00e9s au Qu\u00e9bec. Nos chiots sont \u00e9lev\u00e9s avec amour et attention dans un environnement sain et stimulant. Visitez notre site pour en savoir plus sur nos chiens et nos port\u00e9es \u00e0 venir.","breadcrumb":{"@id":"https:\/\/www.corleoneleonberg.com\/ares\/#breadcrumb"},"inLanguage":"en-US","potentialAction":[{"@type":"ReadAction","target":["https:\/\/www.corleoneleonberg.com\/ares\/"]}]},{"@type":"BreadcrumbList","@id":"https:\/\/www.corleoneleonberg.com\/ares\/#breadcrumb","itemListElement":[{"@type":"ListItem","position":1,"name":"Accueil","item":"https:\/\/www.corleoneleonberg.com\/"},{"@type":"ListItem","position":2,"name":"Ares"}]},{"@type":"WebSite","@id":"https:\/\/www.corleoneleonberg.com\/#website","url":"https:\/\/www.corleoneleonberg.com\/","name":"Corleone leonberg","description":"eleveur de leonberger.  leonberger breeder","publisher":{"@id":"https:\/\/www.corleoneleonberg.com\/#organization"},"alternateName":"corleone leonberger","potentialAction":[{"@type":"SearchAction","target":{"@type":"EntryPoint","urlTemplate":"https:\/\/www.corleoneleonberg.com\/?s={search_term_string}"},"query-input":{"@type":"PropertyValueSpecification","valueRequired":true,"valueName":"search_term_string"}}],"inLanguage":"en-US"},{"@type":"Organization","@id":"https:\/\/www.corleoneleonberg.com\/#organization","name":"corleone leonberger","url":"https:\/\/www.corleoneleonberg.com\/","logo":{"@type":"ImageObject","inLanguage":"en-US","@id":"https:\/\/www.corleoneleonberg.com\/#\/schema\/logo\/image\/","url":"https:\/\/www.corleoneleonberg.com\/wp-content\/uploads\/2024\/01\/logocorleoneameliore-copie180x60.png","contentUrl":"https:\/\/www.corleoneleonberg.com\/wp-content\/uploads\/2024\/01\/logocorleoneameliore-copie180x60.png","width":180,"height":96,"caption":"corleone leonberger"},"image":{"@id":"https:\/\/www.corleoneleonberg.com\/#\/schema\/logo\/image\/"},"sameAs":["https:\/\/www.facebook.com\/groups\/365394546862990","https:\/\/www.instagram.com\/goldenlioncorleoneleonberger\/"]}]}},"_links":{"self":[{"href":"https:\/\/www.corleoneleonberg.com\/en\/wp-json\/wp\/v2\/pages\/4276","targetHints":{"allow":["GET"]}}],"collection":[{"href":"https:\/\/www.corleoneleonberg.com\/en\/wp-json\/wp\/v2\/pages"}],"about":[{"href":"https:\/\/www.corleoneleonberg.com\/en\/wp-json\/wp\/v2\/types\/page"}],"author":[{"embeddable":true,"href":"https:\/\/www.corleoneleonberg.com\/en\/wp-json\/wp\/v2\/users\/1"}],"replies":[{"embeddable":true,"href":"https:\/\/www.corleoneleonberg.com\/en\/wp-json\/wp\/v2\/comments?post=4276"}],"version-history":[{"count":19,"href":"https:\/\/www.corleoneleonberg.com\/en\/wp-json\/wp\/v2\/pages\/4276\/revisions"}],"predecessor-version":[{"id":4325,"href":"https:\/\/www.corleoneleonberg.com\/en\/wp-json\/wp\/v2\/pages\/4276\/revisions\/4325"}],"wp:attachment":[{"href":"https:\/\/www.corleoneleonberg.com\/en\/wp-json\/wp\/v2\/media?parent=4276"}],"curies":[{"name":"wp","href":"https:\/\/api.w.org\/{rel}","templated":true}]}}