{"id":5369,"date":"2025-03-03T08:27:15","date_gmt":"2025-03-03T13:27:15","guid":{"rendered":"https:\/\/www.corleoneleonberg.com\/?page_id=5369"},"modified":"2025-03-03T08:29:14","modified_gmt":"2025-03-03T13:29:14","slug":"tom","status":"publish","type":"page","link":"https:\/\/www.corleoneleonberg.com\/en\/tom\/","title":{"rendered":"tom"},"content":{"rendered":"<div data-elementor-type=\"wp-post\" data-elementor-id=\"5369\" class=\"elementor elementor-5369\" data-elementor-post-type=\"page\">\n\t\t\t\t<div class=\"elementor-element elementor-element-1e6bb73 e-con-full e-flex e-con e-parent\" data-id=\"1e6bb73\" data-element_type=\"container\" data-e-type=\"container\" data-settings=\"{&quot;background_background&quot;:&quot;classic&quot;,&quot;shape_divider_bottom&quot;:&quot;wave-brush&quot;}\">\n\t\t\t\t<div class=\"elementor-shape elementor-shape-bottom\" aria-hidden=\"true\" data-negative=\"false\">\n\t\t\t<svg xmlns=\"http:\/\/www.w3.org\/2000\/svg\" viewbox=\"0 0 283.5 27.8\" preserveaspectratio=\"none\">\n\t<path class=\"elementor-shape-fill\" d=\"M283.5,9.7c0,0-7.3,4.3-14,4.6c-6.8,0.3-12.6,0-20.9-1.5c-11.3-2-33.1-10.1-44.7-5.7\ts-12.1,4.6-18,7.4c-6.6,3.2-20,9.6-36.6,9.3C131.6,23.5,99.5,7.2,86.3,8c-1.4,0.1-6.6,0.8-10.5,2c-3.8,1.2-9.4,3.8-17,4.7\tc-3.2,0.4-8.3,1.1-14.2,0.9c-1.5-0.1-6.3-0.4-12-1.6c-5.7-1.2-11-3.1-15.8-3.7C6.5,9.2,0,10.8,0,10.8V0h283.5V9.7z M260.8,11.3\tc-0.7-1-2-0.4-4.3-0.4c-2.3,0-6.1-1.2-5.8-1.1c0.3,0.1,3.1,1.5,6,1.9C259.7,12.2,261.4,12.3,260.8,11.3z M242.4,8.6\tc0,0-2.4-0.2-5.6-0.9c-3.2-0.8-10.3-2.8-15.1-3.5c-8.2-1.1-15.8,0-15.1,0.1c0.8,0.1,9.6-0.6,17.6,1.1c3.3,0.7,9.3,2.2,12.4,2.7\tC239.9,8.7,242.4,8.6,242.4,8.6z M185.2,8.5c1.7-0.7-13.3,4.7-18.5,6.1c-2.1,0.6-6.2,1.6-10,2c-3.9,0.4-8.9,0.4-8.8,0.5\tc0,0.2,5.8,0.8,11.2,0c5.4-0.8,5.2-1.1,7.6-1.6C170.5,14.7,183.5,9.2,185.2,8.5z M199.1,6.9c0.2,0-0.8-0.4-4.8,1.1\tc-4,1.5-6.7,3.5-6.9,3.7c-0.2,0.1,3.5-1.8,6.6-3C197,7.5,199,6.9,199.1,6.9z M283,6c-0.1,0.1-1.9,1.1-4.8,2.5s-6.9,2.8-6.7,2.7\tc0.2,0,3.5-0.6,7.4-2.5C282.8,6.8,283.1,5.9,283,6z M31.3,11.6c0.1-0.2-1.9-0.2-4.5-1.2s-5.4-1.6-7.8-2C15,7.6,7.3,8.5,7.7,8.6\tC8,8.7,15.9,8.3,20.2,9.3c2.2,0.5,2.4,0.5,5.7,1.6S31.2,11.9,31.3,11.6z M73,9.2c0.4-0.1,3.5-1.6,8.4-2.6c4.9-1.1,8.9-0.5,8.9-0.8\tc0-0.3-1-0.9-6.2-0.3S72.6,9.3,73,9.2z M71.6,6.7C71.8,6.8,75,5.4,77.3,5c2.3-0.3,1.9-0.5,1.9-0.6c0-0.1-1.1-0.2-2.7,0.2\tC74.8,5.1,71.4,6.6,71.6,6.7z M93.6,4.4c0.1,0.2,3.5,0.8,5.6,1.8c2.1,1,1.8,0.6,1.9,0.5c0.1-0.1-0.8-0.8-2.4-1.3\tC97.1,4.8,93.5,4.2,93.6,4.4z M65.4,11.1c-0.1,0.3,0.3,0.5,1.9-0.2s2.6-1.3,2.2-1.2s-0.9,0.4-2.5,0.8C65.3,10.9,65.5,10.8,65.4,11.1\tz M34.5,12.4c-0.2,0,2.1,0.8,3.3,0.9c1.2,0.1,2,0.1,2-0.2c0-0.3-0.1-0.5-1.6-0.4C36.6,12.8,34.7,12.4,34.5,12.4z M152.2,21.1\tc-0.1,0.1-2.4-0.3-7.5-0.3c-5,0-13.6-2.4-17.2-3.5c-3.6-1.1,10,3.9,16.5,4.1C150.5,21.6,152.3,21,152.2,21.1z\"\/>\n\t<path class=\"elementor-shape-fill\" d=\"M269.6,18c-0.1-0.1-4.6,0.3-7.2,0c-7.3-0.7-17-3.2-16.6-2.9c0.4,0.3,13.7,3.1,17,3.3\tC267.7,18.8,269.7,18,269.6,18z\"\/>\n\t<path class=\"elementor-shape-fill\" d=\"M227.4,9.8c-0.2-0.1-4.5-1-9.5-1.2c-5-0.2-12.7,0.6-12.3,0.5c0.3-0.1,5.9-1.8,13.3-1.2\tS227.6,9.9,227.4,9.8z\"\/>\n\t<path class=\"elementor-shape-fill\" d=\"M204.5,13.4c-0.1-0.1,2-1,3.2-1.1c1.2-0.1,2,0,2,0.3c0,0.3-0.1,0.5-1.6,0.4\tC206.4,12.9,204.6,13.5,204.5,13.4z\"\/>\n\t<path class=\"elementor-shape-fill\" d=\"M201,10.6c0-0.1-4.4,1.2-6.3,2.2c-1.9,0.9-6.2,3.1-6.1,3.1c0.1,0.1,4.2-1.6,6.3-2.6\tS201,10.7,201,10.6z\"\/>\n\t<path class=\"elementor-shape-fill\" d=\"M154.5,26.7c-0.1-0.1-4.6,0.3-7.2,0c-7.3-0.7-17-3.2-16.6-2.9c0.4,0.3,13.7,3.1,17,3.3\tC152.6,27.5,154.6,26.8,154.5,26.7z\"\/>\n\t<path class=\"elementor-shape-fill\" d=\"M41.9,19.3c0,0,1.2-0.3,2.9-0.1c1.7,0.2,5.8,0.9,8.2,0.7c4.2-0.4,7.4-2.7,7-2.6\tc-0.4,0-4.3,2.2-8.6,1.9c-1.8-0.1-5.1-0.5-6.7-0.4S41.9,19.3,41.9,19.3z\"\/>\n\t<path class=\"elementor-shape-fill\" d=\"M75.5,12.6c0.2,0.1,2-0.8,4.3-1.1c2.3-0.2,2.1-0.3,2.1-0.5c0-0.1-1.8-0.4-3.4,0\tC76.9,11.5,75.3,12.5,75.5,12.6z\"\/>\n\t<path class=\"elementor-shape-fill\" d=\"M15.6,13.2c0-0.1,4.3,0,6.7,0.5c2.4,0.5,5,1.9,5,2c0,0.1-2.7-0.8-5.1-1.4\tC19.9,13.7,15.7,13.3,15.6,13.2z\"\/>\n<\/svg>\t\t<\/div>\n\t\t<div class=\"elementor-element elementor-element-2ebda9e e-con-full e-flex e-con e-child\" data-id=\"2ebda9e\" data-element_type=\"container\" data-e-type=\"container\">\n\t\t\t\t<\/div>\n\t\t\t\t<\/div>\n\t\t\t\t<\/div>","protected":false},"excerpt":{"rendered":"","protected":false},"author":1,"featured_media":0,"parent":0,"menu_order":0,"comment_status":"closed","ping_status":"closed","template":"","meta":{"site-sidebar-layout":"no-sidebar","site-content-layout":"page-builder","ast-site-content-layout":"full-width-container","site-content-style":"unboxed","site-sidebar-style":"unboxed","ast-global-header-display":"","ast-banner-title-visibility":"","ast-main-header-display":"","ast-hfb-above-header-display":"","ast-hfb-below-header-display":"","ast-hfb-mobile-header-display":"","site-post-title":"disabled","ast-breadcrumbs-content":"","ast-featured-img":"disabled","footer-sml-layout":"","ast-disable-related-posts":"","theme-transparent-header-meta":"enabled","adv-header-id-meta":"","stick-header-meta":"","header-above-stick-meta":"","header-main-stick-meta":"","header-below-stick-meta":"","astra-migrate-meta-layouts":"set","ast-page-background-enabled":"default","ast-page-background-meta":{"desktop":{"background-color":"","background-image":"","background-repeat":"repeat","background-position":"center center","background-size":"auto","background-attachment":"scroll","background-type":"","background-media":"","overlay-type":"","overlay-color":"","overlay-opacity":"","overlay-gradient":""},"tablet":{"background-color":"","background-image":"","background-repeat":"repeat","background-position":"center center","background-size":"auto","background-attachment":"scroll","background-type":"","background-media":"","overlay-type":"","overlay-color":"","overlay-opacity":"","overlay-gradient":""},"mobile":{"background-color":"","background-image":"","background-repeat":"repeat","background-position":"center center","background-size":"auto","background-attachment":"scroll","background-type":"","background-media":"","overlay-type":"","overlay-color":"","overlay-opacity":"","overlay-gradient":""}},"ast-content-background-meta":{"desktop":{"background-color":"var(--ast-global-color-5)","background-image":"","background-repeat":"repeat","background-position":"center center","background-size":"auto","background-attachment":"scroll","background-type":"","background-media":"","overlay-type":"","overlay-color":"","overlay-opacity":"","overlay-gradient":""},"tablet":{"background-color":"var(--ast-global-color-5)","background-image":"","background-repeat":"repeat","background-position":"center center","background-size":"auto","background-attachment":"scroll","background-type":"","background-media":"","overlay-type":"","overlay-color":"","overlay-opacity":"","overlay-gradient":""},"mobile":{"background-color":"var(--ast-global-color-5)","background-image":"","background-repeat":"repeat","background-position":"center center","background-size":"auto","background-attachment":"scroll","background-type":"","background-media":"","overlay-type":"","overlay-color":"","overlay-opacity":"","overlay-gradient":""}},"footnotes":""},"class_list":["post-5369","page","type-page","status-publish","hentry"],"yoast_head":"<!-- This site is optimized with the Yoast SEO plugin v27.5 - https:\/\/yoast.com\/product\/yoast-seo-wordpress\/ -->\n<title>tom - Corleone leonberger<\/title>\n<meta name=\"description\" content=\"Besoin d&#039;un chiot Leonberger? Contactez Corleone Leonberger!\u00c9leveur passionn\u00e9, conseils personnalis\u00e9s, chiots de qualit\u00e9.\" \/>\n<meta name=\"robots\" content=\"index, follow, max-snippet:-1, max-image-preview:large, max-video-preview:-1\" \/>\n<link rel=\"canonical\" href=\"https:\/\/www.corleoneleonberg.com\/en\/tom\/\" \/>\n<meta property=\"og:locale\" content=\"en_US\" \/>\n<meta property=\"og:type\" content=\"article\" \/>\n<meta property=\"og:title\" content=\"tom - Corleone leonberger\" \/>\n<meta property=\"og:description\" content=\"Besoin d&#039;un chiot Leonberger? Contactez Corleone Leonberger!\u00c9leveur passionn\u00e9, conseils personnalis\u00e9s, chiots de qualit\u00e9.\" \/>\n<meta property=\"og:url\" content=\"https:\/\/www.corleoneleonberg.com\/en\/tom\/\" \/>\n<meta property=\"og:site_name\" content=\"Corleone leonberger\" \/>\n<meta property=\"article:publisher\" content=\"https:\/\/www.facebook.com\/groups\/365394546862990\" \/>\n<meta property=\"article:modified_time\" content=\"2025-03-03T13:29:14+00:00\" \/>\n<meta property=\"og:image\" content=\"https:\/\/www.corleoneleonberg.com\/wp-content\/uploads\/2024\/04\/yoast.jpg\" \/>\n\t<meta property=\"og:image:width\" content=\"1200\" \/>\n\t<meta property=\"og:image:height\" content=\"675\" \/>\n\t<meta property=\"og:image:type\" content=\"image\/jpeg\" \/>\n<meta name=\"twitter:card\" content=\"summary_large_image\" \/>\n<script type=\"application\/ld+json\" class=\"yoast-schema-graph\">{\"@context\":\"https:\\\/\\\/schema.org\",\"@graph\":[{\"@type\":\"WebPage\",\"@id\":\"https:\\\/\\\/www.corleoneleonberg.com\\\/tom\\\/\",\"url\":\"https:\\\/\\\/www.corleoneleonberg.com\\\/tom\\\/\",\"name\":\"tom - Corleone leonberger\",\"isPartOf\":{\"@id\":\"https:\\\/\\\/www.corleoneleonberg.com\\\/#website\"},\"datePublished\":\"2025-03-03T13:27:15+00:00\",\"dateModified\":\"2025-03-03T13:29:14+00:00\",\"description\":\"Besoin d'un chiot Leonberger? Contactez Corleone Leonberger!\u00c9leveur passionn\u00e9, conseils personnalis\u00e9s, chiots de qualit\u00e9.\",\"breadcrumb\":{\"@id\":\"https:\\\/\\\/www.corleoneleonberg.com\\\/tom\\\/#breadcrumb\"},\"inLanguage\":\"en-US\",\"potentialAction\":[{\"@type\":\"ReadAction\",\"target\":[\"https:\\\/\\\/www.corleoneleonberg.com\\\/tom\\\/\"]}]},{\"@type\":\"BreadcrumbList\",\"@id\":\"https:\\\/\\\/www.corleoneleonberg.com\\\/tom\\\/#breadcrumb\",\"itemListElement\":[{\"@type\":\"ListItem\",\"position\":1,\"name\":\"Accueil\",\"item\":\"https:\\\/\\\/www.corleoneleonberg.com\\\/\"},{\"@type\":\"ListItem\",\"position\":2,\"name\":\"tom\"}]},{\"@type\":\"WebSite\",\"@id\":\"https:\\\/\\\/www.corleoneleonberg.com\\\/#website\",\"url\":\"https:\\\/\\\/www.corleoneleonberg.com\\\/\",\"name\":\"Corleone leonberg\",\"description\":\"eleveur de leonberger.  leonberger breeder\",\"publisher\":{\"@id\":\"https:\\\/\\\/www.corleoneleonberg.com\\\/#organization\"},\"alternateName\":\"corleone leonberger\",\"potentialAction\":[{\"@type\":\"SearchAction\",\"target\":{\"@type\":\"EntryPoint\",\"urlTemplate\":\"https:\\\/\\\/www.corleoneleonberg.com\\\/?s={search_term_string}\"},\"query-input\":{\"@type\":\"PropertyValueSpecification\",\"valueRequired\":true,\"valueName\":\"search_term_string\"}}],\"inLanguage\":\"en-US\"},{\"@type\":\"Organization\",\"@id\":\"https:\\\/\\\/www.corleoneleonberg.com\\\/#organization\",\"name\":\"corleone leonberger\",\"url\":\"https:\\\/\\\/www.corleoneleonberg.com\\\/\",\"logo\":{\"@type\":\"ImageObject\",\"inLanguage\":\"en-US\",\"@id\":\"https:\\\/\\\/www.corleoneleonberg.com\\\/#\\\/schema\\\/logo\\\/image\\\/\",\"url\":\"https:\\\/\\\/www.corleoneleonberg.com\\\/wp-content\\\/uploads\\\/2024\\\/01\\\/logocorleoneameliore-copie180x60.png\",\"contentUrl\":\"https:\\\/\\\/www.corleoneleonberg.com\\\/wp-content\\\/uploads\\\/2024\\\/01\\\/logocorleoneameliore-copie180x60.png\",\"width\":180,\"height\":96,\"caption\":\"corleone leonberger\"},\"image\":{\"@id\":\"https:\\\/\\\/www.corleoneleonberg.com\\\/#\\\/schema\\\/logo\\\/image\\\/\"},\"sameAs\":[\"https:\\\/\\\/www.facebook.com\\\/groups\\\/365394546862990\",\"https:\\\/\\\/www.instagram.com\\\/goldenlioncorleoneleonberger\\\/\"]}]}<\/script>\n<!-- \/ Yoast SEO plugin. -->","yoast_head_json":{"title":"tom - Corleone leonberger","description":"Besoin d'un chiot Leonberger? Contactez Corleone Leonberger!\u00c9leveur passionn\u00e9, conseils personnalis\u00e9s, chiots de qualit\u00e9.","robots":{"index":"index","follow":"follow","max-snippet":"max-snippet:-1","max-image-preview":"max-image-preview:large","max-video-preview":"max-video-preview:-1"},"canonical":"https:\/\/www.corleoneleonberg.com\/en\/tom\/","og_locale":"en_US","og_type":"article","og_title":"tom - Corleone leonberger","og_description":"Besoin d'un chiot Leonberger? Contactez Corleone Leonberger!\u00c9leveur passionn\u00e9, conseils personnalis\u00e9s, chiots de qualit\u00e9.","og_url":"https:\/\/www.corleoneleonberg.com\/en\/tom\/","og_site_name":"Corleone leonberger","article_publisher":"https:\/\/www.facebook.com\/groups\/365394546862990","article_modified_time":"2025-03-03T13:29:14+00:00","og_image":[{"width":1200,"height":675,"url":"https:\/\/www.corleoneleonberg.com\/wp-content\/uploads\/2024\/04\/yoast.jpg","type":"image\/jpeg"}],"twitter_card":"summary_large_image","schema":{"@context":"https:\/\/schema.org","@graph":[{"@type":"WebPage","@id":"https:\/\/www.corleoneleonberg.com\/tom\/","url":"https:\/\/www.corleoneleonberg.com\/tom\/","name":"tom - Corleone leonberger","isPartOf":{"@id":"https:\/\/www.corleoneleonberg.com\/#website"},"datePublished":"2025-03-03T13:27:15+00:00","dateModified":"2025-03-03T13:29:14+00:00","description":"Besoin d'un chiot Leonberger? Contactez Corleone Leonberger!\u00c9leveur passionn\u00e9, conseils personnalis\u00e9s, chiots de qualit\u00e9.","breadcrumb":{"@id":"https:\/\/www.corleoneleonberg.com\/tom\/#breadcrumb"},"inLanguage":"en-US","potentialAction":[{"@type":"ReadAction","target":["https:\/\/www.corleoneleonberg.com\/tom\/"]}]},{"@type":"BreadcrumbList","@id":"https:\/\/www.corleoneleonberg.com\/tom\/#breadcrumb","itemListElement":[{"@type":"ListItem","position":1,"name":"Accueil","item":"https:\/\/www.corleoneleonberg.com\/"},{"@type":"ListItem","position":2,"name":"tom"}]},{"@type":"WebSite","@id":"https:\/\/www.corleoneleonberg.com\/#website","url":"https:\/\/www.corleoneleonberg.com\/","name":"Corleone leonberg","description":"eleveur de leonberger.  leonberger breeder","publisher":{"@id":"https:\/\/www.corleoneleonberg.com\/#organization"},"alternateName":"corleone leonberger","potentialAction":[{"@type":"SearchAction","target":{"@type":"EntryPoint","urlTemplate":"https:\/\/www.corleoneleonberg.com\/?s={search_term_string}"},"query-input":{"@type":"PropertyValueSpecification","valueRequired":true,"valueName":"search_term_string"}}],"inLanguage":"en-US"},{"@type":"Organization","@id":"https:\/\/www.corleoneleonberg.com\/#organization","name":"corleone leonberger","url":"https:\/\/www.corleoneleonberg.com\/","logo":{"@type":"ImageObject","inLanguage":"en-US","@id":"https:\/\/www.corleoneleonberg.com\/#\/schema\/logo\/image\/","url":"https:\/\/www.corleoneleonberg.com\/wp-content\/uploads\/2024\/01\/logocorleoneameliore-copie180x60.png","contentUrl":"https:\/\/www.corleoneleonberg.com\/wp-content\/uploads\/2024\/01\/logocorleoneameliore-copie180x60.png","width":180,"height":96,"caption":"corleone leonberger"},"image":{"@id":"https:\/\/www.corleoneleonberg.com\/#\/schema\/logo\/image\/"},"sameAs":["https:\/\/www.facebook.com\/groups\/365394546862990","https:\/\/www.instagram.com\/goldenlioncorleoneleonberger\/"]}]}},"_links":{"self":[{"href":"https:\/\/www.corleoneleonberg.com\/en\/wp-json\/wp\/v2\/pages\/5369","targetHints":{"allow":["GET"]}}],"collection":[{"href":"https:\/\/www.corleoneleonberg.com\/en\/wp-json\/wp\/v2\/pages"}],"about":[{"href":"https:\/\/www.corleoneleonberg.com\/en\/wp-json\/wp\/v2\/types\/page"}],"author":[{"embeddable":true,"href":"https:\/\/www.corleoneleonberg.com\/en\/wp-json\/wp\/v2\/users\/1"}],"replies":[{"embeddable":true,"href":"https:\/\/www.corleoneleonberg.com\/en\/wp-json\/wp\/v2\/comments?post=5369"}],"version-history":[{"count":4,"href":"https:\/\/www.corleoneleonberg.com\/en\/wp-json\/wp\/v2\/pages\/5369\/revisions"}],"predecessor-version":[{"id":5373,"href":"https:\/\/www.corleoneleonberg.com\/en\/wp-json\/wp\/v2\/pages\/5369\/revisions\/5373"}],"wp:attachment":[{"href":"https:\/\/www.corleoneleonberg.com\/en\/wp-json\/wp\/v2\/media?parent=5369"}],"curies":[{"name":"wp","href":"https:\/\/api.w.org\/{rel}","templated":true}]}}