{"id":5464,"date":"2026-03-24T23:40:17","date_gmt":"2026-03-25T03:40:17","guid":{"rendered":"https:\/\/www.corleoneleonberg.com\/?page_id=5464"},"modified":"2026-03-24T23:40:23","modified_gmt":"2026-03-25T03:40:23","slug":"essaie","status":"publish","type":"page","link":"https:\/\/www.corleoneleonberg.com\/en\/essaie\/","title":{"rendered":"essaie"},"content":{"rendered":"<div data-elementor-type=\"wp-page\" data-elementor-id=\"5464\" class=\"elementor elementor-5464\" data-elementor-post-type=\"page\">\n\t\t\t\t<div class=\"elementor-element elementor-element-8b2d8ce e-flex e-con-boxed e-con e-parent\" data-id=\"8b2d8ce\" data-element_type=\"container\" data-e-type=\"container\">\n\t\t\t\t\t<div class=\"e-con-inner\">\n\t\t<div class=\"elementor-element elementor-element-d7b8a8d e-con-full e-flex e-con e-child\" data-id=\"d7b8a8d\" data-element_type=\"container\" data-e-type=\"container\">\n\t\t\t\t<div class=\"elementor-element elementor-element-bc8e5de elementor-widget elementor-widget-image\" data-id=\"bc8e5de\" data-element_type=\"widget\" data-e-type=\"widget\" data-widget_type=\"image.default\">\n\t\t\t\t\t\t\t\t\t\t\t\t\t\t\t<img fetchpriority=\"high\" decoding=\"async\" width=\"800\" height=\"533\" src=\"https:\/\/www.corleoneleonberg.com\/wp-content\/uploads\/2025\/02\/GettyImages-2066787478.jpg.jpg\" class=\"attachment-large size-large wp-image-4189\" alt=\"\" srcset=\"https:\/\/www.corleoneleonberg.com\/wp-content\/uploads\/2025\/02\/GettyImages-2066787478.jpg.jpg 800w, https:\/\/www.corleoneleonberg.com\/wp-content\/uploads\/2025\/02\/GettyImages-2066787478.jpg-300x200.jpg 300w, https:\/\/www.corleoneleonberg.com\/wp-content\/uploads\/2025\/02\/GettyImages-2066787478.jpg-768x512.jpg 768w, https:\/\/www.corleoneleonberg.com\/wp-content\/uploads\/2025\/02\/GettyImages-2066787478.jpg-18x12.jpg 18w, https:\/\/www.corleoneleonberg.com\/wp-content\/uploads\/2025\/02\/GettyImages-2066787478.jpg-200x133.jpg 200w\" sizes=\"(max-width: 800px) 100vw, 800px\" \/>\t\t\t\t\t\t\t\t\t\t\t\t\t\t\t<\/div>\n\t\t\t\t<\/div>\n\t\t<div class=\"elementor-element elementor-element-f4640c5 e-con-full e-flex e-con e-child\" data-id=\"f4640c5\" data-element_type=\"container\" data-e-type=\"container\">\n\t\t\t\t<div class=\"elementor-element elementor-element-72dba4b elementor-widget elementor-widget-image\" data-id=\"72dba4b\" data-element_type=\"widget\" data-e-type=\"widget\" data-widget_type=\"image.default\">\n\t\t\t\t\t\t\t\t\t\t\t\t\t\t\t<img decoding=\"async\" width=\"500\" height=\"436\" src=\"https:\/\/www.corleoneleonberg.com\/wp-content\/uploads\/2024\/04\/hatchinosmales1.jpg\" class=\"attachment-large size-large wp-image-3590\" alt=\"\" srcset=\"https:\/\/www.corleoneleonberg.com\/wp-content\/uploads\/2024\/04\/hatchinosmales1.jpg 500w, https:\/\/www.corleoneleonberg.com\/wp-content\/uploads\/2024\/04\/hatchinosmales1-300x262.jpg 300w, https:\/\/www.corleoneleonberg.com\/wp-content\/uploads\/2024\/04\/hatchinosmales1-14x12.jpg 14w, https:\/\/www.corleoneleonberg.com\/wp-content\/uploads\/2024\/04\/hatchinosmales1-200x174.jpg 200w\" sizes=\"(max-width: 500px) 100vw, 500px\" \/>\t\t\t\t\t\t\t\t\t\t\t\t\t\t\t<\/div>\n\t\t\t\t<\/div>\n\t\t<div class=\"elementor-element elementor-element-b42dbe9 e-con-full e-flex e-con e-child\" data-id=\"b42dbe9\" data-element_type=\"container\" data-e-type=\"container\">\n\t\t\t\t<div class=\"elementor-element elementor-element-5d6e05b elementor-widget elementor-widget-image\" data-id=\"5d6e05b\" data-element_type=\"widget\" data-e-type=\"widget\" data-widget_type=\"image.default\">\n\t\t\t\t\t\t\t\t\t\t\t\t\t\t\t<img decoding=\"async\" width=\"768\" height=\"1024\" src=\"https:\/\/www.corleoneleonberg.com\/wp-content\/uploads\/2026\/03\/4d9169df-7bfb-48a4-a76c-f2704cc7a12a-copie-768x1024.jpg\" class=\"attachment-large size-large wp-image-5436\" alt=\"\" srcset=\"https:\/\/www.corleoneleonberg.com\/wp-content\/uploads\/2026\/03\/4d9169df-7bfb-48a4-a76c-f2704cc7a12a-copie-768x1024.jpg 768w, https:\/\/www.corleoneleonberg.com\/wp-content\/uploads\/2026\/03\/4d9169df-7bfb-48a4-a76c-f2704cc7a12a-copie-225x300.jpg 225w, https:\/\/www.corleoneleonberg.com\/wp-content\/uploads\/2026\/03\/4d9169df-7bfb-48a4-a76c-f2704cc7a12a-copie-1152x1536.jpg 1152w, https:\/\/www.corleoneleonberg.com\/wp-content\/uploads\/2026\/03\/4d9169df-7bfb-48a4-a76c-f2704cc7a12a-copie-9x12.jpg 9w, https:\/\/www.corleoneleonberg.com\/wp-content\/uploads\/2026\/03\/4d9169df-7bfb-48a4-a76c-f2704cc7a12a-copie-200x267.jpg 200w, https:\/\/www.corleoneleonberg.com\/wp-content\/uploads\/2026\/03\/4d9169df-7bfb-48a4-a76c-f2704cc7a12a-copie.jpg 1536w\" sizes=\"(max-width: 768px) 100vw, 768px\" \/>\t\t\t\t\t\t\t\t\t\t\t\t\t\t\t<\/div>\n\t\t\t\t<\/div>\n\t\t<div class=\"elementor-element elementor-element-eba86ab e-con-full e-flex e-con e-child\" data-id=\"eba86ab\" data-element_type=\"container\" data-e-type=\"container\">\n\t\t\t\t<div class=\"elementor-element elementor-element-a9d29a7 elementor-widget elementor-widget-image\" data-id=\"a9d29a7\" data-element_type=\"widget\" data-e-type=\"widget\" data-widget_type=\"image.default\">\n\t\t\t\t\t\t\t\t\t\t\t\t\t\t\t<img loading=\"lazy\" decoding=\"async\" width=\"500\" height=\"638\" src=\"https:\/\/www.corleoneleonberg.com\/wp-content\/uploads\/2024\/04\/luluweb3.jpg\" class=\"attachment-large size-large wp-image-3471\" alt=\"\" srcset=\"https:\/\/www.corleoneleonberg.com\/wp-content\/uploads\/2024\/04\/luluweb3.jpg 500w, https:\/\/www.corleoneleonberg.com\/wp-content\/uploads\/2024\/04\/luluweb3-235x300.jpg 235w, https:\/\/www.corleoneleonberg.com\/wp-content\/uploads\/2024\/04\/luluweb3-9x12.jpg 9w, https:\/\/www.corleoneleonberg.com\/wp-content\/uploads\/2024\/04\/luluweb3-200x255.jpg 200w\" sizes=\"(max-width: 500px) 100vw, 500px\" \/>\t\t\t\t\t\t\t\t\t\t\t\t\t\t\t<\/div>\n\t\t\t\t<\/div>\n\t\t<div class=\"elementor-element elementor-element-a1a5ff1 e-con-full e-flex e-con e-child\" data-id=\"a1a5ff1\" data-element_type=\"container\" data-e-type=\"container\">\n\t\t\t\t<div class=\"elementor-element elementor-element-58a8b19 elementor-widget elementor-widget-image\" data-id=\"58a8b19\" data-element_type=\"widget\" data-e-type=\"widget\" data-widget_type=\"image.default\">\n\t\t\t\t\t\t\t\t\t\t\t\t\t\t\t<img loading=\"lazy\" decoding=\"async\" width=\"771\" height=\"670\" src=\"https:\/\/www.corleoneleonberg.com\/wp-content\/uploads\/2024\/04\/akinaia2.jpg\" class=\"attachment-large size-large wp-image-3453\" alt=\"\" srcset=\"https:\/\/www.corleoneleonberg.com\/wp-content\/uploads\/2024\/04\/akinaia2.jpg 771w, https:\/\/www.corleoneleonberg.com\/wp-content\/uploads\/2024\/04\/akinaia2-300x261.jpg 300w, https:\/\/www.corleoneleonberg.com\/wp-content\/uploads\/2024\/04\/akinaia2-768x667.jpg 768w, https:\/\/www.corleoneleonberg.com\/wp-content\/uploads\/2024\/04\/akinaia2-14x12.jpg 14w, https:\/\/www.corleoneleonberg.com\/wp-content\/uploads\/2024\/04\/akinaia2-200x174.jpg 200w\" sizes=\"(max-width: 771px) 100vw, 771px\" \/>\t\t\t\t\t\t\t\t\t\t\t\t\t\t\t<\/div>\n\t\t\t\t<\/div>\n\t\t\t\t\t<\/div>\n\t\t\t\t<\/div>\n\t\t<div class=\"elementor-element elementor-element-edc0afe e-flex e-con-boxed e-con e-parent\" data-id=\"edc0afe\" data-element_type=\"container\" data-e-type=\"container\">\n\t\t\t\t\t<div class=\"e-con-inner\">\n\t\t<div class=\"elementor-element elementor-element-3c89999 e-con-full e-flex e-con e-child\" data-id=\"3c89999\" data-element_type=\"container\" data-e-type=\"container\">\n\t\t\t\t<div class=\"elementor-element elementor-element-260a306 elementor-widget elementor-widget-image\" data-id=\"260a306\" data-element_type=\"widget\" data-e-type=\"widget\" data-widget_type=\"image.default\">\n\t\t\t\t\t\t\t\t\t\t\t\t\t\t\t<img loading=\"lazy\" decoding=\"async\" width=\"800\" height=\"600\" src=\"https:\/\/www.corleoneleonberg.com\/wp-content\/uploads\/2025\/02\/006e28a421-2a4a-4fe9-a39e-f09daf89d353-copie.jpg\" class=\"attachment-large size-large wp-image-4871\" alt=\"\" srcset=\"https:\/\/www.corleoneleonberg.com\/wp-content\/uploads\/2025\/02\/006e28a421-2a4a-4fe9-a39e-f09daf89d353-copie.jpg 800w, https:\/\/www.corleoneleonberg.com\/wp-content\/uploads\/2025\/02\/006e28a421-2a4a-4fe9-a39e-f09daf89d353-copie-300x225.jpg 300w, https:\/\/www.corleoneleonberg.com\/wp-content\/uploads\/2025\/02\/006e28a421-2a4a-4fe9-a39e-f09daf89d353-copie-768x576.jpg 768w, https:\/\/www.corleoneleonberg.com\/wp-content\/uploads\/2025\/02\/006e28a421-2a4a-4fe9-a39e-f09daf89d353-copie-16x12.jpg 16w, https:\/\/www.corleoneleonberg.com\/wp-content\/uploads\/2025\/02\/006e28a421-2a4a-4fe9-a39e-f09daf89d353-copie-200x150.jpg 200w\" sizes=\"(max-width: 800px) 100vw, 800px\" \/>\t\t\t\t\t\t\t\t\t\t\t\t\t\t\t<\/div>\n\t\t\t\t<\/div>\n\t\t<div class=\"elementor-element elementor-element-19b96f5 e-con-full e-flex e-con e-child\" data-id=\"19b96f5\" data-element_type=\"container\" data-e-type=\"container\">\n\t\t\t\t<div class=\"elementor-element elementor-element-5a78fd0 elementor-widget elementor-widget-image\" data-id=\"5a78fd0\" data-element_type=\"widget\" data-e-type=\"widget\" data-widget_type=\"image.default\">\n\t\t\t\t\t\t\t\t\t\t\t\t\t\t\t<img loading=\"lazy\" decoding=\"async\" width=\"576\" height=\"1024\" src=\"https:\/\/www.corleoneleonberg.com\/wp-content\/uploads\/2025\/02\/9dd5b6e2-9b7a-4d25-8b07-f857b2a2ff78-576x1024.jpeg\" class=\"attachment-large size-large wp-image-3842\" alt=\"\" srcset=\"https:\/\/www.corleoneleonberg.com\/wp-content\/uploads\/2025\/02\/9dd5b6e2-9b7a-4d25-8b07-f857b2a2ff78-576x1024.jpeg 576w, https:\/\/www.corleoneleonberg.com\/wp-content\/uploads\/2025\/02\/9dd5b6e2-9b7a-4d25-8b07-f857b2a2ff78-169x300.jpeg 169w, https:\/\/www.corleoneleonberg.com\/wp-content\/uploads\/2025\/02\/9dd5b6e2-9b7a-4d25-8b07-f857b2a2ff78-768x1365.jpeg 768w, https:\/\/www.corleoneleonberg.com\/wp-content\/uploads\/2025\/02\/9dd5b6e2-9b7a-4d25-8b07-f857b2a2ff78-864x1536.jpeg 864w, https:\/\/www.corleoneleonberg.com\/wp-content\/uploads\/2025\/02\/9dd5b6e2-9b7a-4d25-8b07-f857b2a2ff78-7x12.jpeg 7w, https:\/\/www.corleoneleonberg.com\/wp-content\/uploads\/2025\/02\/9dd5b6e2-9b7a-4d25-8b07-f857b2a2ff78-200x356.jpeg 200w, https:\/\/www.corleoneleonberg.com\/wp-content\/uploads\/2025\/02\/9dd5b6e2-9b7a-4d25-8b07-f857b2a2ff78.jpeg 1152w\" sizes=\"(max-width: 576px) 100vw, 576px\" \/>\t\t\t\t\t\t\t\t\t\t\t\t\t\t\t<\/div>\n\t\t\t\t<\/div>\n\t\t<div class=\"elementor-element elementor-element-489e228 e-con-full e-flex e-con e-child\" data-id=\"489e228\" data-element_type=\"container\" data-e-type=\"container\">\n\t\t\t\t<div class=\"elementor-element elementor-element-7c06516 elementor-widget elementor-widget-image\" data-id=\"7c06516\" data-element_type=\"widget\" data-e-type=\"widget\" data-widget_type=\"image.default\">\n\t\t\t\t\t\t\t\t\t\t\t\t\t\t\t<img loading=\"lazy\" decoding=\"async\" width=\"800\" height=\"600\" src=\"https:\/\/www.corleoneleonberg.com\/wp-content\/uploads\/2025\/02\/site392946089_10228745211209415_7932277689318563974_n-copie-1-copie.jpg\" class=\"attachment-large size-large wp-image-4872\" alt=\"\" srcset=\"https:\/\/www.corleoneleonberg.com\/wp-content\/uploads\/2025\/02\/site392946089_10228745211209415_7932277689318563974_n-copie-1-copie.jpg 800w, https:\/\/www.corleoneleonberg.com\/wp-content\/uploads\/2025\/02\/site392946089_10228745211209415_7932277689318563974_n-copie-1-copie-300x225.jpg 300w, https:\/\/www.corleoneleonberg.com\/wp-content\/uploads\/2025\/02\/site392946089_10228745211209415_7932277689318563974_n-copie-1-copie-768x576.jpg 768w, https:\/\/www.corleoneleonberg.com\/wp-content\/uploads\/2025\/02\/site392946089_10228745211209415_7932277689318563974_n-copie-1-copie-16x12.jpg 16w, https:\/\/www.corleoneleonberg.com\/wp-content\/uploads\/2025\/02\/site392946089_10228745211209415_7932277689318563974_n-copie-1-copie-200x150.jpg 200w\" sizes=\"(max-width: 800px) 100vw, 800px\" \/>\t\t\t\t\t\t\t\t\t\t\t\t\t\t\t<\/div>\n\t\t\t\t<\/div>\n\t\t<div class=\"elementor-element elementor-element-ce9842a e-con-full e-flex e-con e-child\" data-id=\"ce9842a\" data-element_type=\"container\" data-e-type=\"container\">\n\t\t\t\t<div class=\"elementor-element elementor-element-3f78330 elementor-widget elementor-widget-image\" data-id=\"3f78330\" data-element_type=\"widget\" data-e-type=\"widget\" data-widget_type=\"image.default\">\n\t\t\t\t\t\t\t\t\t\t\t\t\t\t\t<img loading=\"lazy\" decoding=\"async\" width=\"512\" height=\"540\" src=\"https:\/\/www.corleoneleonberg.com\/wp-content\/uploads\/2024\/04\/luluweb5.jpg\" class=\"attachment-large size-large wp-image-3473\" alt=\"\" srcset=\"https:\/\/www.corleoneleonberg.com\/wp-content\/uploads\/2024\/04\/luluweb5.jpg 512w, https:\/\/www.corleoneleonberg.com\/wp-content\/uploads\/2024\/04\/luluweb5-284x300.jpg 284w, https:\/\/www.corleoneleonberg.com\/wp-content\/uploads\/2024\/04\/luluweb5-11x12.jpg 11w, https:\/\/www.corleoneleonberg.com\/wp-content\/uploads\/2024\/04\/luluweb5-200x211.jpg 200w\" sizes=\"(max-width: 512px) 100vw, 512px\" \/>\t\t\t\t\t\t\t\t\t\t\t\t\t\t\t<\/div>\n\t\t\t\t<\/div>\n\t\t\t\t\t<\/div>\n\t\t\t\t<\/div>\n\t\t\t\t<\/div>","protected":false},"excerpt":{"rendered":"","protected":false},"author":1,"featured_media":0,"parent":0,"menu_order":0,"comment_status":"closed","ping_status":"closed","template":"","meta":{"site-sidebar-layout":"no-sidebar","site-content-layout":"page-builder","ast-site-content-layout":"full-width-container","site-content-style":"default","site-sidebar-style":"default","ast-global-header-display":"","ast-banner-title-visibility":"","ast-main-header-display":"","ast-hfb-above-header-display":"","ast-hfb-below-header-display":"","ast-hfb-mobile-header-display":"","site-post-title":"","ast-breadcrumbs-content":"","ast-featured-img":"disabled","footer-sml-layout":"","ast-disable-related-posts":"","theme-transparent-header-meta":"","adv-header-id-meta":"","stick-header-meta":"","header-above-stick-meta":"","header-main-stick-meta":"","header-below-stick-meta":"","astra-migrate-meta-layouts":"set","ast-page-background-enabled":"default","ast-page-background-meta":{"desktop":{"background-color":"","background-image":"","background-repeat":"repeat","background-position":"center center","background-size":"auto","background-attachment":"scroll","background-type":"","background-media":"","overlay-type":"","overlay-color":"","overlay-opacity":"","overlay-gradient":""},"tablet":{"background-color":"","background-image":"","background-repeat":"repeat","background-position":"center center","background-size":"auto","background-attachment":"scroll","background-type":"","background-media":"","overlay-type":"","overlay-color":"","overlay-opacity":"","overlay-gradient":""},"mobile":{"background-color":"","background-image":"","background-repeat":"repeat","background-position":"center center","background-size":"auto","background-attachment":"scroll","background-type":"","background-media":"","overlay-type":"","overlay-color":"","overlay-opacity":"","overlay-gradient":""}},"ast-content-background-meta":{"desktop":{"background-color":"var(--ast-global-color-5)","background-image":"","background-repeat":"repeat","background-position":"center center","background-size":"auto","background-attachment":"scroll","background-type":"","background-media":"","overlay-type":"","overlay-color":"","overlay-opacity":"","overlay-gradient":""},"tablet":{"background-color":"var(--ast-global-color-5)","background-image":"","background-repeat":"repeat","background-position":"center center","background-size":"auto","background-attachment":"scroll","background-type":"","background-media":"","overlay-type":"","overlay-color":"","overlay-opacity":"","overlay-gradient":""},"mobile":{"background-color":"var(--ast-global-color-5)","background-image":"","background-repeat":"repeat","background-position":"center center","background-size":"auto","background-attachment":"scroll","background-type":"","background-media":"","overlay-type":"","overlay-color":"","overlay-opacity":"","overlay-gradient":""}},"footnotes":""},"class_list":["post-5464","page","type-page","status-publish","hentry"],"yoast_head":"<!-- This site is optimized with the Yoast SEO plugin v27.5 - https:\/\/yoast.com\/product\/yoast-seo-wordpress\/ -->\n<title>essaie - Corleone leonberger<\/title>\n<meta name=\"description\" content=\"D\u00e9couvrez Corleone Leonberger, un \u00e9levage familial et responsable de Leonbergers certifi\u00e9s au Qu\u00e9bec. Nos chiots sont \u00e9lev\u00e9s avec amour et attention dans un environnement sain et stimulant. Visitez notre site pour en savoir plus sur nos chiens et nos port\u00e9es \u00e0 venir.\" \/>\n<meta name=\"robots\" content=\"index, follow, max-snippet:-1, max-image-preview:large, max-video-preview:-1\" \/>\n<link rel=\"canonical\" href=\"https:\/\/www.corleoneleonberg.com\/en\/essaie\/\" \/>\n<meta property=\"og:locale\" content=\"en_US\" \/>\n<meta property=\"og:type\" content=\"article\" \/>\n<meta property=\"og:title\" content=\"essaie - Corleone leonberger\" \/>\n<meta property=\"og:description\" content=\"D\u00e9couvrez Corleone Leonberger, un \u00e9levage familial et responsable de Leonbergers certifi\u00e9s au Qu\u00e9bec. Nos chiots sont \u00e9lev\u00e9s avec amour et attention dans un environnement sain et stimulant. Visitez notre site pour en savoir plus sur nos chiens et nos port\u00e9es \u00e0 venir.\" \/>\n<meta property=\"og:url\" content=\"https:\/\/www.corleoneleonberg.com\/en\/essaie\/\" \/>\n<meta property=\"og:site_name\" content=\"Corleone leonberger\" \/>\n<meta property=\"article:publisher\" content=\"https:\/\/www.facebook.com\/groups\/365394546862990\" \/>\n<meta property=\"article:modified_time\" content=\"2026-03-25T03:40:23+00:00\" \/>\n<meta property=\"og:image\" content=\"https:\/\/www.corleoneleonberg.com\/wp-content\/uploads\/2025\/02\/GettyImages-2066787478.jpg.jpg\" \/>\n\t<meta property=\"og:image:width\" content=\"800\" \/>\n\t<meta property=\"og:image:height\" content=\"533\" \/>\n\t<meta property=\"og:image:type\" content=\"image\/jpeg\" \/>\n<meta name=\"twitter:card\" content=\"summary_large_image\" \/>\n<script type=\"application\/ld+json\" class=\"yoast-schema-graph\">{\"@context\":\"https:\\\/\\\/schema.org\",\"@graph\":[{\"@type\":\"WebPage\",\"@id\":\"https:\\\/\\\/www.corleoneleonberg.com\\\/essaie\\\/\",\"url\":\"https:\\\/\\\/www.corleoneleonberg.com\\\/essaie\\\/\",\"name\":\"essaie - Corleone leonberger\",\"isPartOf\":{\"@id\":\"https:\\\/\\\/www.corleoneleonberg.com\\\/#website\"},\"primaryImageOfPage\":{\"@id\":\"https:\\\/\\\/www.corleoneleonberg.com\\\/essaie\\\/#primaryimage\"},\"image\":{\"@id\":\"https:\\\/\\\/www.corleoneleonberg.com\\\/essaie\\\/#primaryimage\"},\"thumbnailUrl\":\"https:\\\/\\\/www.corleoneleonberg.com\\\/wp-content\\\/uploads\\\/2025\\\/02\\\/GettyImages-2066787478.jpg.jpg\",\"datePublished\":\"2026-03-25T03:40:17+00:00\",\"dateModified\":\"2026-03-25T03:40:23+00:00\",\"description\":\"D\u00e9couvrez Corleone Leonberger, un \u00e9levage familial et responsable de Leonbergers certifi\u00e9s au Qu\u00e9bec. Nos chiots sont \u00e9lev\u00e9s avec amour et attention dans un environnement sain et stimulant. Visitez notre site pour en savoir plus sur nos chiens et nos port\u00e9es \u00e0 venir.\",\"breadcrumb\":{\"@id\":\"https:\\\/\\\/www.corleoneleonberg.com\\\/essaie\\\/#breadcrumb\"},\"inLanguage\":\"en-US\",\"potentialAction\":[{\"@type\":\"ReadAction\",\"target\":[\"https:\\\/\\\/www.corleoneleonberg.com\\\/essaie\\\/\"]}]},{\"@type\":\"ImageObject\",\"inLanguage\":\"en-US\",\"@id\":\"https:\\\/\\\/www.corleoneleonberg.com\\\/essaie\\\/#primaryimage\",\"url\":\"https:\\\/\\\/www.corleoneleonberg.com\\\/wp-content\\\/uploads\\\/2025\\\/02\\\/GettyImages-2066787478.jpg.jpg\",\"contentUrl\":\"https:\\\/\\\/www.corleoneleonberg.com\\\/wp-content\\\/uploads\\\/2025\\\/02\\\/GettyImages-2066787478.jpg.jpg\"},{\"@type\":\"BreadcrumbList\",\"@id\":\"https:\\\/\\\/www.corleoneleonberg.com\\\/essaie\\\/#breadcrumb\",\"itemListElement\":[{\"@type\":\"ListItem\",\"position\":1,\"name\":\"Accueil\",\"item\":\"https:\\\/\\\/www.corleoneleonberg.com\\\/\"},{\"@type\":\"ListItem\",\"position\":2,\"name\":\"essaie\"}]},{\"@type\":\"WebSite\",\"@id\":\"https:\\\/\\\/www.corleoneleonberg.com\\\/#website\",\"url\":\"https:\\\/\\\/www.corleoneleonberg.com\\\/\",\"name\":\"Corleone leonberg\",\"description\":\"eleveur de leonberger.  leonberger breeder\",\"publisher\":{\"@id\":\"https:\\\/\\\/www.corleoneleonberg.com\\\/#organization\"},\"alternateName\":\"corleone leonberger\",\"potentialAction\":[{\"@type\":\"SearchAction\",\"target\":{\"@type\":\"EntryPoint\",\"urlTemplate\":\"https:\\\/\\\/www.corleoneleonberg.com\\\/?s={search_term_string}\"},\"query-input\":{\"@type\":\"PropertyValueSpecification\",\"valueRequired\":true,\"valueName\":\"search_term_string\"}}],\"inLanguage\":\"en-US\"},{\"@type\":\"Organization\",\"@id\":\"https:\\\/\\\/www.corleoneleonberg.com\\\/#organization\",\"name\":\"corleone leonberger\",\"url\":\"https:\\\/\\\/www.corleoneleonberg.com\\\/\",\"logo\":{\"@type\":\"ImageObject\",\"inLanguage\":\"en-US\",\"@id\":\"https:\\\/\\\/www.corleoneleonberg.com\\\/#\\\/schema\\\/logo\\\/image\\\/\",\"url\":\"https:\\\/\\\/www.corleoneleonberg.com\\\/wp-content\\\/uploads\\\/2024\\\/01\\\/logocorleoneameliore-copie180x60.png\",\"contentUrl\":\"https:\\\/\\\/www.corleoneleonberg.com\\\/wp-content\\\/uploads\\\/2024\\\/01\\\/logocorleoneameliore-copie180x60.png\",\"width\":180,\"height\":96,\"caption\":\"corleone leonberger\"},\"image\":{\"@id\":\"https:\\\/\\\/www.corleoneleonberg.com\\\/#\\\/schema\\\/logo\\\/image\\\/\"},\"sameAs\":[\"https:\\\/\\\/www.facebook.com\\\/groups\\\/365394546862990\",\"https:\\\/\\\/www.instagram.com\\\/goldenlioncorleoneleonberger\\\/\"]}]}<\/script>\n<!-- \/ Yoast SEO plugin. -->","yoast_head_json":{"title":"essaie - Corleone leonberger","description":"D\u00e9couvrez Corleone Leonberger, un \u00e9levage familial et responsable de Leonbergers certifi\u00e9s au Qu\u00e9bec. Nos chiots sont \u00e9lev\u00e9s avec amour et attention dans un environnement sain et stimulant. Visitez notre site pour en savoir plus sur nos chiens et nos port\u00e9es \u00e0 venir.","robots":{"index":"index","follow":"follow","max-snippet":"max-snippet:-1","max-image-preview":"max-image-preview:large","max-video-preview":"max-video-preview:-1"},"canonical":"https:\/\/www.corleoneleonberg.com\/en\/essaie\/","og_locale":"en_US","og_type":"article","og_title":"essaie - Corleone leonberger","og_description":"D\u00e9couvrez Corleone Leonberger, un \u00e9levage familial et responsable de Leonbergers certifi\u00e9s au Qu\u00e9bec. Nos chiots sont \u00e9lev\u00e9s avec amour et attention dans un environnement sain et stimulant. Visitez notre site pour en savoir plus sur nos chiens et nos port\u00e9es \u00e0 venir.","og_url":"https:\/\/www.corleoneleonberg.com\/en\/essaie\/","og_site_name":"Corleone leonberger","article_publisher":"https:\/\/www.facebook.com\/groups\/365394546862990","article_modified_time":"2026-03-25T03:40:23+00:00","og_image":[{"width":800,"height":533,"url":"https:\/\/www.corleoneleonberg.com\/wp-content\/uploads\/2025\/02\/GettyImages-2066787478.jpg.jpg","type":"image\/jpeg"}],"twitter_card":"summary_large_image","schema":{"@context":"https:\/\/schema.org","@graph":[{"@type":"WebPage","@id":"https:\/\/www.corleoneleonberg.com\/essaie\/","url":"https:\/\/www.corleoneleonberg.com\/essaie\/","name":"essaie - Corleone leonberger","isPartOf":{"@id":"https:\/\/www.corleoneleonberg.com\/#website"},"primaryImageOfPage":{"@id":"https:\/\/www.corleoneleonberg.com\/essaie\/#primaryimage"},"image":{"@id":"https:\/\/www.corleoneleonberg.com\/essaie\/#primaryimage"},"thumbnailUrl":"https:\/\/www.corleoneleonberg.com\/wp-content\/uploads\/2025\/02\/GettyImages-2066787478.jpg.jpg","datePublished":"2026-03-25T03:40:17+00:00","dateModified":"2026-03-25T03:40:23+00:00","description":"D\u00e9couvrez Corleone Leonberger, un \u00e9levage familial et responsable de Leonbergers certifi\u00e9s au Qu\u00e9bec. Nos chiots sont \u00e9lev\u00e9s avec amour et attention dans un environnement sain et stimulant. Visitez notre site pour en savoir plus sur nos chiens et nos port\u00e9es \u00e0 venir.","breadcrumb":{"@id":"https:\/\/www.corleoneleonberg.com\/essaie\/#breadcrumb"},"inLanguage":"en-US","potentialAction":[{"@type":"ReadAction","target":["https:\/\/www.corleoneleonberg.com\/essaie\/"]}]},{"@type":"ImageObject","inLanguage":"en-US","@id":"https:\/\/www.corleoneleonberg.com\/essaie\/#primaryimage","url":"https:\/\/www.corleoneleonberg.com\/wp-content\/uploads\/2025\/02\/GettyImages-2066787478.jpg.jpg","contentUrl":"https:\/\/www.corleoneleonberg.com\/wp-content\/uploads\/2025\/02\/GettyImages-2066787478.jpg.jpg"},{"@type":"BreadcrumbList","@id":"https:\/\/www.corleoneleonberg.com\/essaie\/#breadcrumb","itemListElement":[{"@type":"ListItem","position":1,"name":"Accueil","item":"https:\/\/www.corleoneleonberg.com\/"},{"@type":"ListItem","position":2,"name":"essaie"}]},{"@type":"WebSite","@id":"https:\/\/www.corleoneleonberg.com\/#website","url":"https:\/\/www.corleoneleonberg.com\/","name":"Corleone leonberg","description":"eleveur de leonberger.  leonberger breeder","publisher":{"@id":"https:\/\/www.corleoneleonberg.com\/#organization"},"alternateName":"corleone leonberger","potentialAction":[{"@type":"SearchAction","target":{"@type":"EntryPoint","urlTemplate":"https:\/\/www.corleoneleonberg.com\/?s={search_term_string}"},"query-input":{"@type":"PropertyValueSpecification","valueRequired":true,"valueName":"search_term_string"}}],"inLanguage":"en-US"},{"@type":"Organization","@id":"https:\/\/www.corleoneleonberg.com\/#organization","name":"corleone leonberger","url":"https:\/\/www.corleoneleonberg.com\/","logo":{"@type":"ImageObject","inLanguage":"en-US","@id":"https:\/\/www.corleoneleonberg.com\/#\/schema\/logo\/image\/","url":"https:\/\/www.corleoneleonberg.com\/wp-content\/uploads\/2024\/01\/logocorleoneameliore-copie180x60.png","contentUrl":"https:\/\/www.corleoneleonberg.com\/wp-content\/uploads\/2024\/01\/logocorleoneameliore-copie180x60.png","width":180,"height":96,"caption":"corleone leonberger"},"image":{"@id":"https:\/\/www.corleoneleonberg.com\/#\/schema\/logo\/image\/"},"sameAs":["https:\/\/www.facebook.com\/groups\/365394546862990","https:\/\/www.instagram.com\/goldenlioncorleoneleonberger\/"]}]}},"_links":{"self":[{"href":"https:\/\/www.corleoneleonberg.com\/en\/wp-json\/wp\/v2\/pages\/5464","targetHints":{"allow":["GET"]}}],"collection":[{"href":"https:\/\/www.corleoneleonberg.com\/en\/wp-json\/wp\/v2\/pages"}],"about":[{"href":"https:\/\/www.corleoneleonberg.com\/en\/wp-json\/wp\/v2\/types\/page"}],"author":[{"embeddable":true,"href":"https:\/\/www.corleoneleonberg.com\/en\/wp-json\/wp\/v2\/users\/1"}],"replies":[{"embeddable":true,"href":"https:\/\/www.corleoneleonberg.com\/en\/wp-json\/wp\/v2\/comments?post=5464"}],"version-history":[{"count":5,"href":"https:\/\/www.corleoneleonberg.com\/en\/wp-json\/wp\/v2\/pages\/5464\/revisions"}],"predecessor-version":[{"id":5472,"href":"https:\/\/www.corleoneleonberg.com\/en\/wp-json\/wp\/v2\/pages\/5464\/revisions\/5472"}],"wp:attachment":[{"href":"https:\/\/www.corleoneleonberg.com\/en\/wp-json\/wp\/v2\/media?parent=5464"}],"curies":[{"name":"wp","href":"https:\/\/api.w.org\/{rel}","templated":true}]}}